{"id":691,"date":"2020-12-07T00:48:54","date_gmt":"2020-12-07T03:48:54","guid":{"rendered":"http:\/\/fortebaterias.com\/site\/?page_id=691"},"modified":"2020-12-07T00:48:54","modified_gmt":"2020-12-07T03:48:54","slug":"bateria-de-carro-heliar-60-em-belo-horizonte","status":"publish","type":"page","link":"https:\/\/fortebaterias.com\/site\/bateria-de-carro-heliar-60-em-belo-horizonte\/","title":{"rendered":"Bateria de carro Heliar 60 Amperes em Belo Horizonte"},"content":{"rendered":"<p>[et_pb_section bb_built=&#8221;1&#8243;][et_pb_row][et_pb_column type=&#8221;4_4&#8243;][et_pb_text _builder_version=&#8221;3.19.15&#8243; header_text_color=&#8221;#e02b20&#8243; header_font_size=&#8221;40px&#8221;]<\/p>\n<h1><strong>Bateria de carro Heliar 60 Am em BH<\/strong><\/h1>\n<p>[\/et_pb_text][et_pb_text _builder_version=&#8221;3.19.15&#8243;]<\/p>\n<p>A Heliar \u00e9 uma marca da Johnson Controls, que inova constantemente em sua linha automotiva. Pioneira na produ\u00e7\u00e3o da bateria de chumbo \u00e1cido em ve\u00edculos produzidos no Brasil, a Heliar traz constantemente tecnologias de ponta para seus produtos. A bateria de carro Heliar 70 em Belo Horizonte \u00e9 pensada para carros que precisam do melhor desempenho, seguran\u00e7a e qualidade em seu funcionamento. Venha conhecer um pouco mais sobre o modelo de bateria de 60 amperes e suas indica\u00e7\u00f5es.<\/p>\n<p><img loading=\"lazy\" decoding=\"async\" class=\"alignnone wp-image-526\" src=\"http:\/\/fortebaterias.com\/site\/wp-content\/uploads\/2020\/12\/ONIX-300x162.png\" alt=\"bateria-carro-moura-bh\" width=\"331\" height=\"179\" \/><\/p>\n<h3><strong>Bateria 60 amperes da Heliar em Belo Horizonte<\/strong><\/h3>\n<p>A linha de bateria automotiva da Heliar est\u00e1 dispon\u00edvel em diversas montadoras reconhecidas mundialmente. Sua rede de suporte ao cliente \u00e9 a maior do Brasil, facilitando assim a vida de seus consumidores que precisam de assist\u00eancia.<\/p>\n<p>A bateria Heliar de 70 amperes \u00e9 ideal para ve\u00edculos com acess\u00f3rios eletr\u00f4nicos que demandam uma maior corrente el\u00e9trica do ve\u00edculo, a bateria possui CCA de 660 A.<\/p>\n<p>As baterias dos modelos automotivos possuem tampas seladas, indicador de carga, pastilhas de prote\u00e7\u00e3o anti-chamas, polos terminais com superf\u00edcie lisa e homog\u00eanea que impede a dissemina\u00e7\u00e3o de \u00e1cido sulf\u00farico para fora da caixa e a fabrica\u00e7\u00e3o da caixa \u00e9 toda de polipropileno injetado de alta resist\u00eancia mec\u00e2nica.<\/p>\n<p>A garantia das baterias Heliar \u00e9 estendida com at\u00e9 dois anos e ainda conta com prote\u00e7\u00e3o veicular 24 h em casos de pane el\u00e9trica em todo territ\u00f3rio brasileiro.<\/p>\n<h3><strong>PowerFrame<\/strong><\/h3>\n<p>A tecnologia PowerFrame garante mais prote\u00e7\u00e3o\u00a0 \u00e1 corros\u00e3o e mais durabilidade a bateria. AGM \u00e9 outra tecnologia que permite \u00e0 ativa\u00e7\u00e3o do motor a combust\u00e3o em poucos segundos.<\/p>\n<p>Al\u00e9m de aumentar a energia e a durabilidade da bateria, a tecnologia PowerFrame tamb\u00e9m \u00e9 sustent\u00e1vel, pois utiliza menos energia e reduziu em at\u00e9 20% menos os poluentes durante a produ\u00e7\u00e3o das grades.<\/p>\n<h3><strong>Cuidados preventivos com a bateria de carro Heliar 70 em Belo Horizonte<\/strong><\/h3>\n<p>Voc\u00ea deve ter alguns cuidados preventivos com sua bateria automotiva. \u00c9 muito importante que a manuten\u00e7\u00e3o seja realizada a cada seis meses. Somente um profissional especializado deve fazer os reparos e as checagens essenciais do seu ve\u00edculo em Belo Horizonte:<\/p>\n<p><strong>Bateria<\/strong>: O teste de descarga r\u00e1pida deve ser feito para que seja medida a capacidade do ve\u00edculo de dar partida em condi\u00e7\u00f5es severas<\/p>\n<p><strong>Visual<\/strong>: Analisar as liga\u00e7\u00f5es entre os polos se est\u00e3o limpas, conectadas corretamente e livres de oxida\u00e7\u00e3o.<\/p>\n<p><strong>Alternador<\/strong>: verificar se a tens\u00e3o, correia e corrente est\u00e3o de acordo com o exigido pelo fabricante.<\/p>\n<p><strong>Fixa\u00e7\u00e3o<\/strong>: A bateria deve estar posicionada corretamente dentro do suporte e com suas travas fixadas, para evitar danos internos na bateria e no ve\u00edculo.<\/p>\n<h3><strong>Como trocar a bateria de carro Heliar de 60amp em Belo Horizonte?<\/strong><\/h3>\n<p>Toda bateria \u00e9 um produto que envolve eletricidade e materiais qu\u00edmicos, mesmo que ela seja produzida para evitar poss\u00edveis danos e acidentes, \u00e9 recomendado que a instala\u00e7\u00e3o seja feita\u00a0 por um profissional especializado.<\/p>\n<p>Quando surgirem os primeiros sinais de descarregamento da sua bateria, procure um profissional de confian\u00e7a ou um ponto de venda autorizado. A Heliar fornece atendimento especializado para seus clientes com servi\u00e7o oficial para seus consumidores.<\/p>\n<p>Quando a bateria for substitu\u00edda voc\u00ea deve considerar todos os requisitos el\u00e9tricos do ve\u00edculo como o som, alarmes e rastreadores, pois o tamanho e a utiliza\u00e7\u00e3o adequada da bateria \u00e9 que garante uma maior vida \u00fatil ao produto.<\/p>\n<p><img loading=\"lazy\" decoding=\"async\" class=\"alignnone size-medium wp-image-319\" src=\"http:\/\/fortebaterias.com\/site\/wp-content\/uploads\/2020\/11\/bateria-para-carro-60-melhor-preco-300x300.jpg\" alt=\"bateria-para-carro-60-melhor-preco\" width=\"300\" height=\"300\" \/><\/p>\n<p>[\/et_pb_text][et_pb_button _builder_version=&#8221;3.19.15&#8243; button_text=&#8221;Fale Conosco&#8221; button_url=&#8221;https:\/\/whats.link\/fortebaterias&#8221; \/][\/et_pb_column][\/et_pb_row][\/et_pb_section]<\/p>\n","protected":false},"excerpt":{"rendered":"<p>[et_pb_section bb_built=&#8221;1&#8243;][et_pb_row][et_pb_column type=&#8221;4_4&#8243;][et_pb_text _builder_version=&#8221;3.19.15&#8243; header_text_color=&#8221;#e02b20&#8243; header_font_size=&#8221;40px&#8221;] Bateria de carro Heliar 60 Am em BH [\/et_pb_text][et_pb_text _builder_version=&#8221;3.19.15&#8243;] A Heliar \u00e9 uma marca da Johnson Controls, que inova constantemente em sua linha automotiva. Pioneira na produ\u00e7\u00e3o da bateria de chumbo \u00e1cido em ve\u00edculos produzidos no Brasil, a Heliar traz constantemente tecnologias de ponta para seus produtos. A [&hellip;]<\/p>\n","protected":false},"author":4,"featured_media":0,"parent":0,"menu_order":0,"comment_status":"closed","ping_status":"closed","template":"","meta":{"footnotes":""},"class_list":["post-691","page","type-page","status-publish","hentry"],"yoast_head":"<!-- This site is optimized with the Yoast SEO plugin v19.9 - https:\/\/yoast.com\/wordpress\/plugins\/seo\/ -->\n<title>Promo\u00e7\u00e3o Baterias Heliar 60 Amp BH - Entrega Gratis 45 min<\/title>\n<meta name=\"description\" content=\"Loja de Baterias Automotiva Belo Horizonte Promo\u00e7\u00e3o Baterias Heliar 60 Amp BH - Entrega Gratis 45 min, Forte Baterias\" \/>\n<meta name=\"robots\" content=\"index, follow, max-snippet:-1, max-image-preview:large, max-video-preview:-1\" \/>\n<link rel=\"canonical\" href=\"https:\/\/fortebaterias.com\/site\/bateria-de-carro-heliar-60-em-belo-horizonte\/\" \/>\n<meta property=\"og:locale\" content=\"pt_BR\" \/>\n<meta property=\"og:type\" content=\"article\" \/>\n<meta property=\"og:title\" content=\"Promo\u00e7\u00e3o Baterias Heliar 60 Amp BH - Entrega Gratis 45 min\" \/>\n<meta property=\"og:description\" content=\"Loja de Baterias Automotiva Belo Horizonte Promo\u00e7\u00e3o Baterias Heliar 60 Amp BH - Entrega Gratis 45 min, Forte Baterias\" \/>\n<meta property=\"og:url\" content=\"https:\/\/fortebaterias.com\/site\/bateria-de-carro-heliar-60-em-belo-horizonte\/\" \/>\n<meta property=\"og:site_name\" content=\"Forte Baterias Loja Oficial\" \/>\n<meta property=\"article:publisher\" content=\"https:\/\/www.facebook.com\/bateriasforte\/\" \/>\n<meta property=\"og:image\" content=\"http:\/\/fortebaterias.com\/site\/wp-content\/uploads\/2020\/12\/ONIX-300x162.png\" \/>\n<meta name=\"twitter:card\" content=\"summary_large_image\" \/>\n<meta name=\"twitter:site\" content=\"@dobateria\" \/>\n<meta name=\"twitter:label1\" content=\"Est. tempo de leitura\" \/>\n\t<meta name=\"twitter:data1\" content=\"3 minutos\" \/>\n<script type=\"application\/ld+json\" class=\"yoast-schema-graph\">{\"@context\":\"https:\/\/schema.org\",\"@graph\":[{\"@type\":\"WebPage\",\"@id\":\"https:\/\/fortebaterias.com\/site\/bateria-de-carro-heliar-60-em-belo-horizonte\/\",\"url\":\"https:\/\/fortebaterias.com\/site\/bateria-de-carro-heliar-60-em-belo-horizonte\/\",\"name\":\"Promo\u00e7\u00e3o Baterias Heliar 60 Amp BH - Entrega Gratis 45 min\",\"isPartOf\":{\"@id\":\"https:\/\/fortebaterias.com\/site\/#website\"},\"datePublished\":\"2020-12-07T03:48:54+00:00\",\"dateModified\":\"2020-12-07T03:48:54+00:00\",\"description\":\"Loja de Baterias Automotiva Belo Horizonte Promo\u00e7\u00e3o Baterias Heliar 60 Amp BH - Entrega Gratis 45 min, Forte Baterias\",\"breadcrumb\":{\"@id\":\"https:\/\/fortebaterias.com\/site\/bateria-de-carro-heliar-60-em-belo-horizonte\/#breadcrumb\"},\"inLanguage\":\"pt-BR\",\"potentialAction\":[{\"@type\":\"ReadAction\",\"target\":[\"https:\/\/fortebaterias.com\/site\/bateria-de-carro-heliar-60-em-belo-horizonte\/\"]}]},{\"@type\":\"BreadcrumbList\",\"@id\":\"https:\/\/fortebaterias.com\/site\/bateria-de-carro-heliar-60-em-belo-horizonte\/#breadcrumb\",\"itemListElement\":[{\"@type\":\"ListItem\",\"position\":1,\"name\":\"In\u00edcio\",\"item\":\"https:\/\/fortebaterias.com\/site\/\"},{\"@type\":\"ListItem\",\"position\":2,\"name\":\"Bateria de carro Heliar 60 Amperes em Belo Horizonte\"}]},{\"@type\":\"WebSite\",\"@id\":\"https:\/\/fortebaterias.com\/site\/#website\",\"url\":\"https:\/\/fortebaterias.com\/site\/\",\"name\":\"Forte Baterias Loja Oficial\",\"description\":\"Loja de Baterias Automotivas, Carros, Motos, Estacionarias, Moura, Heliar e outras\",\"publisher\":{\"@id\":\"https:\/\/fortebaterias.com\/site\/#organization\"},\"potentialAction\":[{\"@type\":\"SearchAction\",\"target\":{\"@type\":\"EntryPoint\",\"urlTemplate\":\"https:\/\/fortebaterias.com\/site\/?s={search_term_string}\"},\"query-input\":\"required name=search_term_string\"}],\"inLanguage\":\"pt-BR\"},{\"@type\":\"Organization\",\"@id\":\"https:\/\/fortebaterias.com\/site\/#organization\",\"name\":\"Forte Baterias\",\"url\":\"https:\/\/fortebaterias.com\/site\/\",\"logo\":{\"@type\":\"ImageObject\",\"inLanguage\":\"pt-BR\",\"@id\":\"https:\/\/fortebaterias.com\/site\/#\/schema\/logo\/image\/\",\"url\":\"https:\/\/fortebaterias.com\/site\/wp-content\/uploads\/2022\/09\/forte-baterias.png\",\"contentUrl\":\"https:\/\/fortebaterias.com\/site\/wp-content\/uploads\/2022\/09\/forte-baterias.png\",\"width\":434,\"height\":116,\"caption\":\"Forte Baterias\"},\"image\":{\"@id\":\"https:\/\/fortebaterias.com\/site\/#\/schema\/logo\/image\/\"},\"sameAs\":[\"https:\/\/www.instagram.com\/fortebateriasoficial\/\",\"https:\/\/www.facebook.com\/bateriasforte\/\",\"https:\/\/twitter.com\/dobateria\"]}]}<\/script>\n<!-- \/ Yoast SEO plugin. -->","yoast_head_json":{"title":"Promo\u00e7\u00e3o Baterias Heliar 60 Amp BH - Entrega Gratis 45 min","description":"Loja de Baterias Automotiva Belo Horizonte Promo\u00e7\u00e3o Baterias Heliar 60 Amp BH - Entrega Gratis 45 min, Forte Baterias","robots":{"index":"index","follow":"follow","max-snippet":"max-snippet:-1","max-image-preview":"max-image-preview:large","max-video-preview":"max-video-preview:-1"},"canonical":"https:\/\/fortebaterias.com\/site\/bateria-de-carro-heliar-60-em-belo-horizonte\/","og_locale":"pt_BR","og_type":"article","og_title":"Promo\u00e7\u00e3o Baterias Heliar 60 Amp BH - Entrega Gratis 45 min","og_description":"Loja de Baterias Automotiva Belo Horizonte Promo\u00e7\u00e3o Baterias Heliar 60 Amp BH - Entrega Gratis 45 min, Forte Baterias","og_url":"https:\/\/fortebaterias.com\/site\/bateria-de-carro-heliar-60-em-belo-horizonte\/","og_site_name":"Forte Baterias Loja Oficial","article_publisher":"https:\/\/www.facebook.com\/bateriasforte\/","og_image":[{"url":"http:\/\/fortebaterias.com\/site\/wp-content\/uploads\/2020\/12\/ONIX-300x162.png"}],"twitter_card":"summary_large_image","twitter_site":"@dobateria","twitter_misc":{"Est. tempo de leitura":"3 minutos"},"schema":{"@context":"https:\/\/schema.org","@graph":[{"@type":"WebPage","@id":"https:\/\/fortebaterias.com\/site\/bateria-de-carro-heliar-60-em-belo-horizonte\/","url":"https:\/\/fortebaterias.com\/site\/bateria-de-carro-heliar-60-em-belo-horizonte\/","name":"Promo\u00e7\u00e3o Baterias Heliar 60 Amp BH - Entrega Gratis 45 min","isPartOf":{"@id":"https:\/\/fortebaterias.com\/site\/#website"},"datePublished":"2020-12-07T03:48:54+00:00","dateModified":"2020-12-07T03:48:54+00:00","description":"Loja de Baterias Automotiva Belo Horizonte Promo\u00e7\u00e3o Baterias Heliar 60 Amp BH - Entrega Gratis 45 min, Forte Baterias","breadcrumb":{"@id":"https:\/\/fortebaterias.com\/site\/bateria-de-carro-heliar-60-em-belo-horizonte\/#breadcrumb"},"inLanguage":"pt-BR","potentialAction":[{"@type":"ReadAction","target":["https:\/\/fortebaterias.com\/site\/bateria-de-carro-heliar-60-em-belo-horizonte\/"]}]},{"@type":"BreadcrumbList","@id":"https:\/\/fortebaterias.com\/site\/bateria-de-carro-heliar-60-em-belo-horizonte\/#breadcrumb","itemListElement":[{"@type":"ListItem","position":1,"name":"In\u00edcio","item":"https:\/\/fortebaterias.com\/site\/"},{"@type":"ListItem","position":2,"name":"Bateria de carro Heliar 60 Amperes em Belo Horizonte"}]},{"@type":"WebSite","@id":"https:\/\/fortebaterias.com\/site\/#website","url":"https:\/\/fortebaterias.com\/site\/","name":"Forte Baterias Loja Oficial","description":"Loja de Baterias Automotivas, Carros, Motos, Estacionarias, Moura, Heliar e outras","publisher":{"@id":"https:\/\/fortebaterias.com\/site\/#organization"},"potentialAction":[{"@type":"SearchAction","target":{"@type":"EntryPoint","urlTemplate":"https:\/\/fortebaterias.com\/site\/?s={search_term_string}"},"query-input":"required name=search_term_string"}],"inLanguage":"pt-BR"},{"@type":"Organization","@id":"https:\/\/fortebaterias.com\/site\/#organization","name":"Forte Baterias","url":"https:\/\/fortebaterias.com\/site\/","logo":{"@type":"ImageObject","inLanguage":"pt-BR","@id":"https:\/\/fortebaterias.com\/site\/#\/schema\/logo\/image\/","url":"https:\/\/fortebaterias.com\/site\/wp-content\/uploads\/2022\/09\/forte-baterias.png","contentUrl":"https:\/\/fortebaterias.com\/site\/wp-content\/uploads\/2022\/09\/forte-baterias.png","width":434,"height":116,"caption":"Forte Baterias"},"image":{"@id":"https:\/\/fortebaterias.com\/site\/#\/schema\/logo\/image\/"},"sameAs":["https:\/\/www.instagram.com\/fortebateriasoficial\/","https:\/\/www.facebook.com\/bateriasforte\/","https:\/\/twitter.com\/dobateria"]}]}},"_links":{"self":[{"href":"https:\/\/fortebaterias.com\/site\/wp-json\/wp\/v2\/pages\/691","targetHints":{"allow":["GET"]}}],"collection":[{"href":"https:\/\/fortebaterias.com\/site\/wp-json\/wp\/v2\/pages"}],"about":[{"href":"https:\/\/fortebaterias.com\/site\/wp-json\/wp\/v2\/types\/page"}],"author":[{"embeddable":true,"href":"https:\/\/fortebaterias.com\/site\/wp-json\/wp\/v2\/users\/4"}],"replies":[{"embeddable":true,"href":"https:\/\/fortebaterias.com\/site\/wp-json\/wp\/v2\/comments?post=691"}],"version-history":[{"count":0,"href":"https:\/\/fortebaterias.com\/site\/wp-json\/wp\/v2\/pages\/691\/revisions"}],"wp:attachment":[{"href":"https:\/\/fortebaterias.com\/site\/wp-json\/wp\/v2\/media?parent=691"}],"curies":[{"name":"wp","href":"https:\/\/api.w.org\/{rel}","templated":true}]}}