{"id":610,"date":"2020-12-05T01:12:04","date_gmt":"2020-12-05T04:12:04","guid":{"rendered":"http:\/\/fortebaterias.com\/site\/?page_id=610"},"modified":"2020-12-05T01:12:04","modified_gmt":"2020-12-05T04:12:04","slug":"bateria-de-carro-moura-80-em-belo-horizonte","status":"publish","type":"page","link":"https:\/\/fortebaterias.com\/site\/bateria-de-carro-moura-80-em-belo-horizonte\/","title":{"rendered":"Bateria de carro Moura 80 em Belo Horizonte"},"content":{"rendered":"<p>[et_pb_section bb_built=&#8221;1&#8243;][et_pb_row][et_pb_column type=&#8221;4_4&#8243;][et_pb_text _builder_version=&#8221;3.19.15&#8243; header_text_color=&#8221;#e02b20&#8243; header_font_size=&#8221;40px&#8221;]<\/p>\n<h1><strong>Bateria de carro Moura 80 em Belo Horizonte<\/strong><\/h1>\n<p>[\/et_pb_text][et_pb_text _builder_version=&#8221;3.19.15&#8243;]<\/p>\n<p>Alguns carros precisam de uma amperagem maior e a bateria de carro Moura 80 em Belo Horizonte \u00e9 indicada nestes casos. Muitos motoristas n\u00e3o sabem escolher e n\u00e3o se importam com o modelo da bateria para seu ve\u00edculo, mas as baterias da linha automotiva Moura s\u00e3o as mais indicadas, pois s\u00e3o reconhecidas mundialmente e utilizadas nas principais montadoras devido as suas qualidades.\u00a0<\/p>\n<p>Se voc\u00ea quer saber qual a melhor bateria para seu ve\u00edculo e se a bateria de 80 amperes serve para seu carro, ent\u00e3o veja mais a seguir.<\/p>\n<p>A amperagem de bateria \u00e9 a medida da energia referente ao consumo em rela\u00e7\u00e3o ao gasto por hora. \u00c9 a for\u00e7a que a bateria tem que realizar para disseminar a eletricidade entre os v\u00e1rios componentes do autom\u00f3vel. Desse modo, quanto mais completo e moderno for o carro, mais alta ser\u00e1 a amperagem de bateria.<\/p>\n<p><img loading=\"lazy\" decoding=\"async\" class=\"alignnone size-medium wp-image-340\" src=\"http:\/\/fortebaterias.com\/site\/wp-content\/uploads\/2020\/11\/BATERIA-MOURA-BH-300x300.jpg\" alt=\"BATERIA-MOURA-BH\" width=\"300\" height=\"300\" \/><\/p>\n<h3><strong>Bateria de 80 amperes Moura em Belo Horizonte<\/strong><\/h3>\n<p>Carros mais populares possuem motores mais fracos, enquanto modelos com motores mais robustos e potentes demandam mais energia. Assim, a amperagem da bateria difere entre os modelos de carro. O arranque a frio do modelo de 80 amperes \u00e9 de 600 A, o que suficiente para carros com maior uso el\u00e9trico.<\/p>\n<p>A bateria de carro Moura 80 Ah tem vida \u00fatil de at\u00e9 50% a mais do que as outras baterias do mercado. As principais aplica\u00e7\u00f5es bateria Moura de 80 em Belo Horizonte em ve\u00edculos:<\/p>\n<h3><strong>Polo positivo direito<\/strong><\/h3>\n<ul>\n<li>Hyundai: Tucson, Santa F\u00e9, Vera Cruz, Azera.<\/li>\n<\/ul>\n<h3><strong>Polo positivo esquerdo<\/strong><\/h3>\n<ul>\n<li>Honda: Accord Legend.<\/li>\n<li>Hyundai: Excel GLS, Galloper, Scoupe.<\/li>\n<li>Kia: Carnival, Ceres, Sportage.<\/li>\n<li>Mitsubishi: Pajero, Pajero Sport.<\/li>\n<li>Nissan: D-21, Frontier (97\/01), Pathfinder, Terraneo.<\/li>\n<li>Toyota: Hilux (92\/01), SW4 V6.<\/li>\n<\/ul>\n<p>Sempre verifique as recomenda\u00e7\u00f5es do fabricante do ve\u00edculo antes de adquirir uma nova bateria.<\/p>\n<h3><strong>Caracter\u00edsticas da bateria Moura 80 em Belo Horizonte<\/strong><\/h3>\n<p>A bateria Moura possui qualidade garantida pelo fabricante, \u00e9 a pe\u00e7a original utilizada pelas principais montadoras do mundo. Fornece garantia de fabrica de 15 meses para ve\u00edculos pesados com mais de 78 Ah e possui rede pr\u00f3pria de entrega com mais de 80 centros de distribui\u00e7\u00e3o e 50 mil pontos de vendas.<\/p>\n<p>Seu desempenho superior aumenta a seguran\u00e7a e durabilidade demandada pela parte el\u00e9trica do ve\u00edculo. A blindagem de seus componentes com liga anticorrosiva promove maior resist\u00eancia contra impactos e evita avarias nas placas. A vida \u00fatil da bateria \u00e9 maior por causa da compress\u00e3o superior entre as placas, o que mantem o volume exato de eletr\u00f3lito no meio das placas.\u00a0\u00a0<\/p>\n<p>A taxa de compress\u00e3o \u00e9 assegurada e mant\u00e9m a integridade dos componentes, o que resulta na durabilidade superior as baterias convencionais. O respirador e a pastilha anti-chamas permitem o deslocamento dos gases e inibe a infiltra\u00e7\u00e3o de fagulhas.<\/p>\n<h3><strong>O que saber antes de comprar uma bateria de carro de 80 em Belo Horizonte<\/strong><\/h3>\n<p>A amperagem ideal para seu carro ser\u00e1 a indicada pelo manual do ve\u00edculo, com a compra correta do modelo voc\u00ea garantir\u00e1 que a distribui\u00e7\u00e3o de energia seja suficiente para que os componentes funcionem perfeitamente sempre que voc\u00ea precisar.<\/p>\n<p>N\u00e3o \u00e9 recomend\u00e1vel utilizar uma bateria de amperagem maior ou menor do que a aconselhada pelo fabricante, considerando que isso pode ocasionar em problemas graves para o sistema el\u00e9trico. Danos no acumulador podem ser causados, em caso de amperagens maiores, por uma sobrecarga de energia no seu autom\u00f3vel por causa de baterias com capacidades n\u00e3o recomendadas e um mau funcionamento no alternador pode acontecer, em caso de amperagens menores.<\/p>\n<p>Assim, sempre que voc\u00ea for trocar a bateria original, troque por uma pe\u00e7a equivalente se poss\u00edvel da mesma marca. Se quando voc\u00ea comprou seu autom\u00f3vel usado \u00e0 bateria j\u00e1 n\u00e3o era \u00e1 original e descrevia uma amperagem muito maior ou menor, \u00e9 recomendado que quando for realizar a pr\u00f3xima troca voc\u00ea compre uma bateria que tenha a amperagem descrita pelo fabricante do carro. Isso impedir\u00e1 que voc\u00ea tenha problemas futuros relacionados \u00e0 sobre carga do ve\u00edculo ou mau funcionamento da parte el\u00e9trica.<\/p>\n<p><img loading=\"lazy\" decoding=\"async\" class=\"alignnone  wp-image-334\" src=\"http:\/\/fortebaterias.com\/site\/wp-content\/uploads\/2020\/11\/bateria-do-carro-300x200.jpg\" alt=\"bateria-do-carro\" width=\"398\" height=\"265\" \/><\/p>\n<p>[\/et_pb_text][et_pb_button _builder_version=&#8221;3.19.15&#8243; button_text=&#8221;Fale Conosco&#8221; button_url=&#8221;https:\/\/whats.link\/fortebaterias&#8221; \/][\/et_pb_column][\/et_pb_row][\/et_pb_section]<\/p>\n","protected":false},"excerpt":{"rendered":"<p>[et_pb_section bb_built=&#8221;1&#8243;][et_pb_row][et_pb_column type=&#8221;4_4&#8243;][et_pb_text _builder_version=&#8221;3.19.15&#8243; header_text_color=&#8221;#e02b20&#8243; header_font_size=&#8221;40px&#8221;] Bateria de carro Moura 80 em Belo Horizonte [\/et_pb_text][et_pb_text _builder_version=&#8221;3.19.15&#8243;] Alguns carros precisam de uma amperagem maior e a bateria de carro Moura 80 em Belo Horizonte \u00e9 indicada nestes casos. Muitos motoristas n\u00e3o sabem escolher e n\u00e3o se importam com o modelo da bateria para seu ve\u00edculo, mas [&hellip;]<\/p>\n","protected":false},"author":4,"featured_media":0,"parent":0,"menu_order":0,"comment_status":"closed","ping_status":"closed","template":"","meta":{"footnotes":""},"class_list":["post-610","page","type-page","status-publish","hentry"],"yoast_head":"<!-- This site is optimized with the Yoast SEO plugin v19.9 - https:\/\/yoast.com\/wordpress\/plugins\/seo\/ -->\n<title>Bateria de carro Moura 80 em Belo Horizonte - Forte Baterias Loja Oficial<\/title>\n<meta name=\"description\" content=\"Baterias entregue e instalada em at\u00e9 50 min. Tenha uma experi\u00eancia r\u00e1pida e profissional na hora de trocar a bateria do seu autom\u00f3vel.\" \/>\n<meta name=\"robots\" content=\"index, follow, max-snippet:-1, max-image-preview:large, max-video-preview:-1\" \/>\n<link rel=\"canonical\" href=\"https:\/\/fortebaterias.com\/site\/bateria-de-carro-moura-80-em-belo-horizonte\/\" \/>\n<meta property=\"og:locale\" content=\"pt_BR\" \/>\n<meta property=\"og:type\" content=\"article\" \/>\n<meta property=\"og:title\" content=\"Bateria de carro Moura 80 em Belo Horizonte - Forte Baterias Loja Oficial\" \/>\n<meta property=\"og:description\" content=\"Baterias entregue e instalada em at\u00e9 50 min. Tenha uma experi\u00eancia r\u00e1pida e profissional na hora de trocar a bateria do seu autom\u00f3vel.\" \/>\n<meta property=\"og:url\" content=\"https:\/\/fortebaterias.com\/site\/bateria-de-carro-moura-80-em-belo-horizonte\/\" \/>\n<meta property=\"og:site_name\" content=\"Forte Baterias Loja Oficial\" \/>\n<meta property=\"article:publisher\" content=\"https:\/\/www.facebook.com\/bateriasforte\/\" \/>\n<meta property=\"og:image\" content=\"http:\/\/fortebaterias.com\/site\/wp-content\/uploads\/2020\/11\/BATERIA-MOURA-BH-300x300.jpg\" \/>\n<meta name=\"twitter:card\" content=\"summary_large_image\" \/>\n<meta name=\"twitter:site\" content=\"@dobateria\" \/>\n<meta name=\"twitter:label1\" content=\"Est. tempo de leitura\" \/>\n\t<meta name=\"twitter:data1\" content=\"4 minutos\" \/>\n<script type=\"application\/ld+json\" class=\"yoast-schema-graph\">{\"@context\":\"https:\/\/schema.org\",\"@graph\":[{\"@type\":\"WebPage\",\"@id\":\"https:\/\/fortebaterias.com\/site\/bateria-de-carro-moura-80-em-belo-horizonte\/\",\"url\":\"https:\/\/fortebaterias.com\/site\/bateria-de-carro-moura-80-em-belo-horizonte\/\",\"name\":\"Bateria de carro Moura 80 em Belo Horizonte - Forte Baterias Loja Oficial\",\"isPartOf\":{\"@id\":\"https:\/\/fortebaterias.com\/site\/#website\"},\"datePublished\":\"2020-12-05T04:12:04+00:00\",\"dateModified\":\"2020-12-05T04:12:04+00:00\",\"description\":\"Baterias entregue e instalada em at\u00e9 50 min. Tenha uma experi\u00eancia r\u00e1pida e profissional na hora de trocar a bateria do seu autom\u00f3vel.\",\"breadcrumb\":{\"@id\":\"https:\/\/fortebaterias.com\/site\/bateria-de-carro-moura-80-em-belo-horizonte\/#breadcrumb\"},\"inLanguage\":\"pt-BR\",\"potentialAction\":[{\"@type\":\"ReadAction\",\"target\":[\"https:\/\/fortebaterias.com\/site\/bateria-de-carro-moura-80-em-belo-horizonte\/\"]}]},{\"@type\":\"BreadcrumbList\",\"@id\":\"https:\/\/fortebaterias.com\/site\/bateria-de-carro-moura-80-em-belo-horizonte\/#breadcrumb\",\"itemListElement\":[{\"@type\":\"ListItem\",\"position\":1,\"name\":\"In\u00edcio\",\"item\":\"https:\/\/fortebaterias.com\/site\/\"},{\"@type\":\"ListItem\",\"position\":2,\"name\":\"Bateria de carro Moura 80 em Belo Horizonte\"}]},{\"@type\":\"WebSite\",\"@id\":\"https:\/\/fortebaterias.com\/site\/#website\",\"url\":\"https:\/\/fortebaterias.com\/site\/\",\"name\":\"Forte Baterias Loja Oficial\",\"description\":\"Loja de Baterias Automotivas, Carros, Motos, Estacionarias, Moura, Heliar e outras\",\"publisher\":{\"@id\":\"https:\/\/fortebaterias.com\/site\/#organization\"},\"potentialAction\":[{\"@type\":\"SearchAction\",\"target\":{\"@type\":\"EntryPoint\",\"urlTemplate\":\"https:\/\/fortebaterias.com\/site\/?s={search_term_string}\"},\"query-input\":\"required name=search_term_string\"}],\"inLanguage\":\"pt-BR\"},{\"@type\":\"Organization\",\"@id\":\"https:\/\/fortebaterias.com\/site\/#organization\",\"name\":\"Forte Baterias\",\"url\":\"https:\/\/fortebaterias.com\/site\/\",\"logo\":{\"@type\":\"ImageObject\",\"inLanguage\":\"pt-BR\",\"@id\":\"https:\/\/fortebaterias.com\/site\/#\/schema\/logo\/image\/\",\"url\":\"https:\/\/fortebaterias.com\/site\/wp-content\/uploads\/2022\/09\/forte-baterias.png\",\"contentUrl\":\"https:\/\/fortebaterias.com\/site\/wp-content\/uploads\/2022\/09\/forte-baterias.png\",\"width\":434,\"height\":116,\"caption\":\"Forte Baterias\"},\"image\":{\"@id\":\"https:\/\/fortebaterias.com\/site\/#\/schema\/logo\/image\/\"},\"sameAs\":[\"https:\/\/www.instagram.com\/fortebateriasoficial\/\",\"https:\/\/www.facebook.com\/bateriasforte\/\",\"https:\/\/twitter.com\/dobateria\"]}]}<\/script>\n<!-- \/ Yoast SEO plugin. -->","yoast_head_json":{"title":"Bateria de carro Moura 80 em Belo Horizonte - Forte Baterias Loja Oficial","description":"Baterias entregue e instalada em at\u00e9 50 min. Tenha uma experi\u00eancia r\u00e1pida e profissional na hora de trocar a bateria do seu autom\u00f3vel.","robots":{"index":"index","follow":"follow","max-snippet":"max-snippet:-1","max-image-preview":"max-image-preview:large","max-video-preview":"max-video-preview:-1"},"canonical":"https:\/\/fortebaterias.com\/site\/bateria-de-carro-moura-80-em-belo-horizonte\/","og_locale":"pt_BR","og_type":"article","og_title":"Bateria de carro Moura 80 em Belo Horizonte - Forte Baterias Loja Oficial","og_description":"Baterias entregue e instalada em at\u00e9 50 min. Tenha uma experi\u00eancia r\u00e1pida e profissional na hora de trocar a bateria do seu autom\u00f3vel.","og_url":"https:\/\/fortebaterias.com\/site\/bateria-de-carro-moura-80-em-belo-horizonte\/","og_site_name":"Forte Baterias Loja Oficial","article_publisher":"https:\/\/www.facebook.com\/bateriasforte\/","og_image":[{"url":"http:\/\/fortebaterias.com\/site\/wp-content\/uploads\/2020\/11\/BATERIA-MOURA-BH-300x300.jpg"}],"twitter_card":"summary_large_image","twitter_site":"@dobateria","twitter_misc":{"Est. tempo de leitura":"4 minutos"},"schema":{"@context":"https:\/\/schema.org","@graph":[{"@type":"WebPage","@id":"https:\/\/fortebaterias.com\/site\/bateria-de-carro-moura-80-em-belo-horizonte\/","url":"https:\/\/fortebaterias.com\/site\/bateria-de-carro-moura-80-em-belo-horizonte\/","name":"Bateria de carro Moura 80 em Belo Horizonte - Forte Baterias Loja Oficial","isPartOf":{"@id":"https:\/\/fortebaterias.com\/site\/#website"},"datePublished":"2020-12-05T04:12:04+00:00","dateModified":"2020-12-05T04:12:04+00:00","description":"Baterias entregue e instalada em at\u00e9 50 min. Tenha uma experi\u00eancia r\u00e1pida e profissional na hora de trocar a bateria do seu autom\u00f3vel.","breadcrumb":{"@id":"https:\/\/fortebaterias.com\/site\/bateria-de-carro-moura-80-em-belo-horizonte\/#breadcrumb"},"inLanguage":"pt-BR","potentialAction":[{"@type":"ReadAction","target":["https:\/\/fortebaterias.com\/site\/bateria-de-carro-moura-80-em-belo-horizonte\/"]}]},{"@type":"BreadcrumbList","@id":"https:\/\/fortebaterias.com\/site\/bateria-de-carro-moura-80-em-belo-horizonte\/#breadcrumb","itemListElement":[{"@type":"ListItem","position":1,"name":"In\u00edcio","item":"https:\/\/fortebaterias.com\/site\/"},{"@type":"ListItem","position":2,"name":"Bateria de carro Moura 80 em Belo Horizonte"}]},{"@type":"WebSite","@id":"https:\/\/fortebaterias.com\/site\/#website","url":"https:\/\/fortebaterias.com\/site\/","name":"Forte Baterias Loja Oficial","description":"Loja de Baterias Automotivas, Carros, Motos, Estacionarias, Moura, Heliar e outras","publisher":{"@id":"https:\/\/fortebaterias.com\/site\/#organization"},"potentialAction":[{"@type":"SearchAction","target":{"@type":"EntryPoint","urlTemplate":"https:\/\/fortebaterias.com\/site\/?s={search_term_string}"},"query-input":"required name=search_term_string"}],"inLanguage":"pt-BR"},{"@type":"Organization","@id":"https:\/\/fortebaterias.com\/site\/#organization","name":"Forte Baterias","url":"https:\/\/fortebaterias.com\/site\/","logo":{"@type":"ImageObject","inLanguage":"pt-BR","@id":"https:\/\/fortebaterias.com\/site\/#\/schema\/logo\/image\/","url":"https:\/\/fortebaterias.com\/site\/wp-content\/uploads\/2022\/09\/forte-baterias.png","contentUrl":"https:\/\/fortebaterias.com\/site\/wp-content\/uploads\/2022\/09\/forte-baterias.png","width":434,"height":116,"caption":"Forte Baterias"},"image":{"@id":"https:\/\/fortebaterias.com\/site\/#\/schema\/logo\/image\/"},"sameAs":["https:\/\/www.instagram.com\/fortebateriasoficial\/","https:\/\/www.facebook.com\/bateriasforte\/","https:\/\/twitter.com\/dobateria"]}]}},"_links":{"self":[{"href":"https:\/\/fortebaterias.com\/site\/wp-json\/wp\/v2\/pages\/610","targetHints":{"allow":["GET"]}}],"collection":[{"href":"https:\/\/fortebaterias.com\/site\/wp-json\/wp\/v2\/pages"}],"about":[{"href":"https:\/\/fortebaterias.com\/site\/wp-json\/wp\/v2\/types\/page"}],"author":[{"embeddable":true,"href":"https:\/\/fortebaterias.com\/site\/wp-json\/wp\/v2\/users\/4"}],"replies":[{"embeddable":true,"href":"https:\/\/fortebaterias.com\/site\/wp-json\/wp\/v2\/comments?post=610"}],"version-history":[{"count":0,"href":"https:\/\/fortebaterias.com\/site\/wp-json\/wp\/v2\/pages\/610\/revisions"}],"wp:attachment":[{"href":"https:\/\/fortebaterias.com\/site\/wp-json\/wp\/v2\/media?parent=610"}],"curies":[{"name":"wp","href":"https:\/\/api.w.org\/{rel}","templated":true}]}}