{"id":524,"date":"2020-12-01T19:18:29","date_gmt":"2020-12-01T22:18:29","guid":{"rendered":"http:\/\/fortebaterias.com\/site\/?page_id=477"},"modified":"2020-12-01T19:18:29","modified_gmt":"2020-12-01T22:18:29","slug":"bateria-para-caminhao-heliar-100-em-contagem","status":"publish","type":"page","link":"https:\/\/fortebaterias.com\/site\/bateria-para-caminhao-heliar-100-em-contagem\/","title":{"rendered":"Bateria para Caminh\u00e3o Heliar 100 em Contagem"},"content":{"rendered":"<p>[et_pb_section bb_built=&#8221;1&#8243;][et_pb_row][et_pb_column type=&#8221;4_4&#8243;][et_pb_text _builder_version=&#8221;3.19.15&#8243; header_text_color=&#8221;#e02b20&#8243; header_font_size=&#8221;40px&#8221;]<\/p>\n<h1>Bateria para Caminh\u00e3o Heliar 100 em Contagem<\/h1>\n<p>[\/et_pb_text][et_pb_text _builder_version=&#8221;3.19.15&#8243;]<\/p>\n<p>As baterias Heliar promovem o melhor desempenho do seu caminh\u00e3o em qualquer situa\u00e7\u00e3o. Reconhecida mundialmente, a marca da Johnson Controls fabrica e distribui baterias automotivas com garantia e qualidade h\u00e1 d\u00e9cadas. A Heliar garante o melhor desempenho na partida do seu caminh\u00e3o em qualquer temperatura, isso porque a bateria para caminh\u00e3o Heliar 100 em Contagem \u00e9 testada e comprovada como a melhor no teste de corrente de partida a frio.\u00a0<\/p>\n<p><img loading=\"lazy\" decoding=\"async\" class=\"alignnone  wp-image-416\" src=\"https:\/\/fortebaterias.com\/site\/wp-content\/uploads\/2020\/11\/BATERIA-MOURA-90-AH-BH.jpg\" alt=\"BATERIA-MOURA-90-AH-BH\" width=\"322\" height=\"295\" \/><\/p>\n<h3><strong>Por que escolher a bateria para caminh\u00e3o Heliar 100 em Contagem?<\/strong><\/h3>\n<p>As baterias Heliar Free possuem tecnologia que garante maior durabilidade e r\u00e1pido arranque a frio, de acordo com normas internacionais.<\/p>\n<p>A tecnologia Heliar est\u00e1 presente em mais de 85% dos modelos dos ve\u00edculos das principais montadoras do pa\u00eds, al\u00e9m de possuir a maior rede de assist\u00eancia t\u00e9cnica do Brasil, com fornecedores em todo o territ\u00f3rio nacional.<\/p>\n<p>Ao ser comparado com os diversos modelos de baterias existentes no mercado, o modelo Heliar apresenta em seus resultados baixa quantidade de quebra, manuten\u00e7\u00e3o e falha.<\/p>\n<p>A Heliar em Contagem oferece para seus clientes o servi\u00e7o de guincho gratuito de at\u00e9 100 km, o que \u00e9 um diferencial da marca que promove comodidade e seguran\u00e7a ao cliente que sabe que seu carro pode contar com a qualidade e garantia e uma serie de benef\u00edcios em casos de alguma falha dos componentes internos.<\/p>\n<h3><strong>Modelos de bateria para caminh\u00e3o Heliar 100 em Contagem<\/strong><\/h3>\n<p>O modelo com 100 amperes da Heliar \u00e9 a Heliar Frota Super Free RTP100LE. Que possu\u00ed tecnologia Powerframe, que impede a corros\u00e3o das ligas nas grades convencionais, rodando mais com menos.\u00a0 O arranque a frio do modelo 100 Ah \u00e9 750<\/p>\n<p>Complementando a tecnologia Powerframe, a bateria Heliar tamb\u00e9m possui a inovadora tecnologia AGM, que permite que o autom\u00f3vel ative o motor \u00e1 combust\u00e3o em poucos segundos. E tamb\u00e9m conta com garantia de 15 meses e certifica\u00e7\u00e3o pelo Inmetro.<\/p>\n<p>A durabilidade das baterias Heliar \u00e9 impressionante, por isso \u00e9 considerada uma das mais dur\u00e1veis do mercado. Isso se aplica devido sua vida \u00fatil prolongada e aos equipamentos anticorros\u00e3o apresentados pela marca.<\/p>\n<h3><strong>Cuidados na hora de trocar a bateria do caminh\u00e3o<\/strong><\/h3>\n<p>Primeiramente, voc\u00ea n\u00e3o se deve trocar a bateria do caminh\u00e3o sozinho, pois os riscos s\u00e3o in\u00fameros e voc\u00ea pode sofrer um acidente e gerar um inc\u00eandio. Por isso \u00e9 importante que um profissional experiente realize a troca, o que faz toda a diferen\u00e7a.\u00a0<\/p>\n<p>As baterias Heliar possuem sistema de seguran\u00e7a integrado para minimizar os riscos de acidentes e inc\u00eandios, mas mesmo com toda essa tecnologia \u00e9 importante que voc\u00ea realize a troca da bateria do caminh\u00e3o em uma loja especializada ou com um profissional de confian\u00e7a.<\/p>\n<p><strong>N\u00e3o fa\u00e7a uso de \u201cgambiarras\u201d em seu caminh\u00e3o<\/strong><\/p>\n<p>Se a bateria estiver totalmente descarregada, sem que nenhuma luz interna se acenda, ent\u00e3o a bateria pode estar isolada. E quando o carregador \u00e9 ligado diretamente na bateria do caminh\u00e3o, sem um acumulador, h\u00e1 um pico de tens\u00e3o que pode destruir o m\u00f3dulo de inje\u00e7\u00e3o e os outros componentes.<\/p>\n<p>Inverter a polaridade tamb\u00e9m pode ocasionar em danos ao ve\u00edculo. A fonte de m\u00f3dulo pode estourar e at\u00e9 mesmo romper a trilha do painel, pois os componentes eletr\u00f4nicos n\u00e3o suportam a carga.<\/p>\n<p><img loading=\"lazy\" decoding=\"async\" class=\"alignnone size-medium wp-image-430\" src=\"http:\/\/fortebaterias.com\/site\/wp-content\/uploads\/2020\/11\/Baterias-Heliar-CAMINHAO-300x192.jpg\" alt=\"Baterias-Heliar-CAMINH\u00c3O\" width=\"300\" height=\"192\" \/><\/p>\n<p>[\/et_pb_text][et_pb_button _builder_version=&#8221;3.19.15&#8243; button_text=&#8221;Fale Conosco&#8221; button_url=&#8221;https:\/\/whats.link\/fortebaterias&#8221; \/][\/et_pb_column][\/et_pb_row][\/et_pb_section]<\/p>\n","protected":false},"excerpt":{"rendered":"<p>[et_pb_section bb_built=&#8221;1&#8243;][et_pb_row][et_pb_column type=&#8221;4_4&#8243;][et_pb_text _builder_version=&#8221;3.19.15&#8243; header_text_color=&#8221;#e02b20&#8243; header_font_size=&#8221;40px&#8221;] Bateria para Caminh\u00e3o Heliar 100 em Contagem [\/et_pb_text][et_pb_text _builder_version=&#8221;3.19.15&#8243;] As baterias Heliar promovem o melhor desempenho do seu caminh\u00e3o em qualquer situa\u00e7\u00e3o. Reconhecida mundialmente, a marca da Johnson Controls fabrica e distribui baterias automotivas com garantia e qualidade h\u00e1 d\u00e9cadas. A Heliar garante o melhor desempenho na partida do [&hellip;]<\/p>\n","protected":false},"author":4,"featured_media":0,"parent":0,"menu_order":0,"comment_status":"closed","ping_status":"closed","template":"","meta":{"footnotes":""},"class_list":["post-524","page","type-page","status-publish","hentry"],"yoast_head":"<!-- This site is optimized with the Yoast SEO plugin v19.9 - https:\/\/yoast.com\/wordpress\/plugins\/seo\/ -->\n<title>Bateria para Caminh\u00e3o Heliar 100 em Contagem - Forte Baterias Loja Oficial<\/title>\n<meta name=\"description\" content=\"Baterias de Todas as Marcas, parcelamos no cart\u00e3o. Ligue e Converse Com Nossos Atendentes. Entrega Em At\u00e9 50 Min.\" \/>\n<meta name=\"robots\" content=\"index, follow, max-snippet:-1, max-image-preview:large, max-video-preview:-1\" \/>\n<link rel=\"canonical\" href=\"https:\/\/fortebaterias.com\/site\/bateria-para-caminhao-heliar-100-em-contagem\/\" \/>\n<meta property=\"og:locale\" content=\"pt_BR\" \/>\n<meta property=\"og:type\" content=\"article\" \/>\n<meta property=\"og:title\" content=\"Bateria para Caminh\u00e3o Heliar 100 em Contagem - Forte Baterias Loja Oficial\" \/>\n<meta property=\"og:description\" content=\"Baterias de Todas as Marcas, parcelamos no cart\u00e3o. Ligue e Converse Com Nossos Atendentes. Entrega Em At\u00e9 50 Min.\" \/>\n<meta property=\"og:url\" content=\"https:\/\/fortebaterias.com\/site\/bateria-para-caminhao-heliar-100-em-contagem\/\" \/>\n<meta property=\"og:site_name\" content=\"Forte Baterias Loja Oficial\" \/>\n<meta property=\"article:publisher\" content=\"https:\/\/www.facebook.com\/bateriasforte\/\" \/>\n<meta property=\"og:image\" content=\"https:\/\/fortebaterias.com\/site\/wp-content\/uploads\/2020\/11\/BATERIA-MOURA-90-AH-BH.jpg\" \/>\n<meta name=\"twitter:card\" content=\"summary_large_image\" \/>\n<meta name=\"twitter:site\" content=\"@dobateria\" \/>\n<meta name=\"twitter:label1\" content=\"Est. tempo de leitura\" \/>\n\t<meta name=\"twitter:data1\" content=\"3 minutos\" \/>\n<script type=\"application\/ld+json\" class=\"yoast-schema-graph\">{\"@context\":\"https:\/\/schema.org\",\"@graph\":[{\"@type\":\"WebPage\",\"@id\":\"https:\/\/fortebaterias.com\/site\/bateria-para-caminhao-heliar-100-em-contagem\/\",\"url\":\"https:\/\/fortebaterias.com\/site\/bateria-para-caminhao-heliar-100-em-contagem\/\",\"name\":\"Bateria para Caminh\u00e3o Heliar 100 em Contagem - Forte Baterias Loja Oficial\",\"isPartOf\":{\"@id\":\"https:\/\/fortebaterias.com\/site\/#website\"},\"datePublished\":\"2020-12-01T22:18:29+00:00\",\"dateModified\":\"2020-12-01T22:18:29+00:00\",\"description\":\"Baterias de Todas as Marcas, parcelamos no cart\u00e3o. Ligue e Converse Com Nossos Atendentes. Entrega Em At\u00e9 50 Min.\",\"breadcrumb\":{\"@id\":\"https:\/\/fortebaterias.com\/site\/bateria-para-caminhao-heliar-100-em-contagem\/#breadcrumb\"},\"inLanguage\":\"pt-BR\",\"potentialAction\":[{\"@type\":\"ReadAction\",\"target\":[\"https:\/\/fortebaterias.com\/site\/bateria-para-caminhao-heliar-100-em-contagem\/\"]}]},{\"@type\":\"BreadcrumbList\",\"@id\":\"https:\/\/fortebaterias.com\/site\/bateria-para-caminhao-heliar-100-em-contagem\/#breadcrumb\",\"itemListElement\":[{\"@type\":\"ListItem\",\"position\":1,\"name\":\"In\u00edcio\",\"item\":\"https:\/\/fortebaterias.com\/site\/\"},{\"@type\":\"ListItem\",\"position\":2,\"name\":\"Bateria para Caminh\u00e3o Heliar 100 em Contagem\"}]},{\"@type\":\"WebSite\",\"@id\":\"https:\/\/fortebaterias.com\/site\/#website\",\"url\":\"https:\/\/fortebaterias.com\/site\/\",\"name\":\"Forte Baterias Loja Oficial\",\"description\":\"Loja de Baterias Automotivas, Carros, Motos, Estacionarias, Moura, Heliar e outras\",\"publisher\":{\"@id\":\"https:\/\/fortebaterias.com\/site\/#organization\"},\"potentialAction\":[{\"@type\":\"SearchAction\",\"target\":{\"@type\":\"EntryPoint\",\"urlTemplate\":\"https:\/\/fortebaterias.com\/site\/?s={search_term_string}\"},\"query-input\":\"required name=search_term_string\"}],\"inLanguage\":\"pt-BR\"},{\"@type\":\"Organization\",\"@id\":\"https:\/\/fortebaterias.com\/site\/#organization\",\"name\":\"Forte Baterias\",\"url\":\"https:\/\/fortebaterias.com\/site\/\",\"logo\":{\"@type\":\"ImageObject\",\"inLanguage\":\"pt-BR\",\"@id\":\"https:\/\/fortebaterias.com\/site\/#\/schema\/logo\/image\/\",\"url\":\"https:\/\/fortebaterias.com\/site\/wp-content\/uploads\/2022\/09\/forte-baterias.png\",\"contentUrl\":\"https:\/\/fortebaterias.com\/site\/wp-content\/uploads\/2022\/09\/forte-baterias.png\",\"width\":434,\"height\":116,\"caption\":\"Forte Baterias\"},\"image\":{\"@id\":\"https:\/\/fortebaterias.com\/site\/#\/schema\/logo\/image\/\"},\"sameAs\":[\"https:\/\/www.instagram.com\/fortebateriasoficial\/\",\"https:\/\/www.facebook.com\/bateriasforte\/\",\"https:\/\/twitter.com\/dobateria\"]}]}<\/script>\n<!-- \/ Yoast SEO plugin. -->","yoast_head_json":{"title":"Bateria para Caminh\u00e3o Heliar 100 em Contagem - Forte Baterias Loja Oficial","description":"Baterias de Todas as Marcas, parcelamos no cart\u00e3o. Ligue e Converse Com Nossos Atendentes. Entrega Em At\u00e9 50 Min.","robots":{"index":"index","follow":"follow","max-snippet":"max-snippet:-1","max-image-preview":"max-image-preview:large","max-video-preview":"max-video-preview:-1"},"canonical":"https:\/\/fortebaterias.com\/site\/bateria-para-caminhao-heliar-100-em-contagem\/","og_locale":"pt_BR","og_type":"article","og_title":"Bateria para Caminh\u00e3o Heliar 100 em Contagem - Forte Baterias Loja Oficial","og_description":"Baterias de Todas as Marcas, parcelamos no cart\u00e3o. Ligue e Converse Com Nossos Atendentes. Entrega Em At\u00e9 50 Min.","og_url":"https:\/\/fortebaterias.com\/site\/bateria-para-caminhao-heliar-100-em-contagem\/","og_site_name":"Forte Baterias Loja Oficial","article_publisher":"https:\/\/www.facebook.com\/bateriasforte\/","og_image":[{"url":"https:\/\/fortebaterias.com\/site\/wp-content\/uploads\/2020\/11\/BATERIA-MOURA-90-AH-BH.jpg"}],"twitter_card":"summary_large_image","twitter_site":"@dobateria","twitter_misc":{"Est. tempo de leitura":"3 minutos"},"schema":{"@context":"https:\/\/schema.org","@graph":[{"@type":"WebPage","@id":"https:\/\/fortebaterias.com\/site\/bateria-para-caminhao-heliar-100-em-contagem\/","url":"https:\/\/fortebaterias.com\/site\/bateria-para-caminhao-heliar-100-em-contagem\/","name":"Bateria para Caminh\u00e3o Heliar 100 em Contagem - Forte Baterias Loja Oficial","isPartOf":{"@id":"https:\/\/fortebaterias.com\/site\/#website"},"datePublished":"2020-12-01T22:18:29+00:00","dateModified":"2020-12-01T22:18:29+00:00","description":"Baterias de Todas as Marcas, parcelamos no cart\u00e3o. Ligue e Converse Com Nossos Atendentes. Entrega Em At\u00e9 50 Min.","breadcrumb":{"@id":"https:\/\/fortebaterias.com\/site\/bateria-para-caminhao-heliar-100-em-contagem\/#breadcrumb"},"inLanguage":"pt-BR","potentialAction":[{"@type":"ReadAction","target":["https:\/\/fortebaterias.com\/site\/bateria-para-caminhao-heliar-100-em-contagem\/"]}]},{"@type":"BreadcrumbList","@id":"https:\/\/fortebaterias.com\/site\/bateria-para-caminhao-heliar-100-em-contagem\/#breadcrumb","itemListElement":[{"@type":"ListItem","position":1,"name":"In\u00edcio","item":"https:\/\/fortebaterias.com\/site\/"},{"@type":"ListItem","position":2,"name":"Bateria para Caminh\u00e3o Heliar 100 em Contagem"}]},{"@type":"WebSite","@id":"https:\/\/fortebaterias.com\/site\/#website","url":"https:\/\/fortebaterias.com\/site\/","name":"Forte Baterias Loja Oficial","description":"Loja de Baterias Automotivas, Carros, Motos, Estacionarias, Moura, Heliar e outras","publisher":{"@id":"https:\/\/fortebaterias.com\/site\/#organization"},"potentialAction":[{"@type":"SearchAction","target":{"@type":"EntryPoint","urlTemplate":"https:\/\/fortebaterias.com\/site\/?s={search_term_string}"},"query-input":"required name=search_term_string"}],"inLanguage":"pt-BR"},{"@type":"Organization","@id":"https:\/\/fortebaterias.com\/site\/#organization","name":"Forte Baterias","url":"https:\/\/fortebaterias.com\/site\/","logo":{"@type":"ImageObject","inLanguage":"pt-BR","@id":"https:\/\/fortebaterias.com\/site\/#\/schema\/logo\/image\/","url":"https:\/\/fortebaterias.com\/site\/wp-content\/uploads\/2022\/09\/forte-baterias.png","contentUrl":"https:\/\/fortebaterias.com\/site\/wp-content\/uploads\/2022\/09\/forte-baterias.png","width":434,"height":116,"caption":"Forte Baterias"},"image":{"@id":"https:\/\/fortebaterias.com\/site\/#\/schema\/logo\/image\/"},"sameAs":["https:\/\/www.instagram.com\/fortebateriasoficial\/","https:\/\/www.facebook.com\/bateriasforte\/","https:\/\/twitter.com\/dobateria"]}]}},"_links":{"self":[{"href":"https:\/\/fortebaterias.com\/site\/wp-json\/wp\/v2\/pages\/524","targetHints":{"allow":["GET"]}}],"collection":[{"href":"https:\/\/fortebaterias.com\/site\/wp-json\/wp\/v2\/pages"}],"about":[{"href":"https:\/\/fortebaterias.com\/site\/wp-json\/wp\/v2\/types\/page"}],"author":[{"embeddable":true,"href":"https:\/\/fortebaterias.com\/site\/wp-json\/wp\/v2\/users\/4"}],"replies":[{"embeddable":true,"href":"https:\/\/fortebaterias.com\/site\/wp-json\/wp\/v2\/comments?post=524"}],"version-history":[{"count":0,"href":"https:\/\/fortebaterias.com\/site\/wp-json\/wp\/v2\/pages\/524\/revisions"}],"wp:attachment":[{"href":"https:\/\/fortebaterias.com\/site\/wp-json\/wp\/v2\/media?parent=524"}],"curies":[{"name":"wp","href":"https:\/\/api.w.org\/{rel}","templated":true}]}}