{"id":510,"date":"2020-11-26T18:04:19","date_gmt":"2020-11-26T21:04:19","guid":{"rendered":"http:\/\/fortebaterias.com\/site\/?page_id=440"},"modified":"2020-11-26T18:04:19","modified_gmt":"2020-11-26T21:04:19","slug":"bateria-estacionaria-em-betim-2","status":"publish","type":"page","link":"https:\/\/fortebaterias.com\/site\/bateria-estacionaria-em-betim-2\/","title":{"rendered":"Bateria Estacion\u00e1ria em Betim"},"content":{"rendered":"<p>[et_pb_section bb_built=&#8221;1&#8243;][et_pb_row][et_pb_column type=&#8221;4_4&#8243;][et_pb_text _builder_version=&#8221;3.19.15&#8243; header_text_color=&#8221;#e02b20&#8243; header_font_size=&#8221;40px&#8221;]<\/p>\n<h1>Bateria Estacion\u00e1ria em Betim<\/h1>\n<p>[\/et_pb_text][et_pb_text _builder_version=&#8221;3.19.15&#8243;]<\/p>\n<p>As baterias estacion\u00e1rias s\u00e3o diferentes das baterias automotivas. Geralmente as baterias estacion\u00e1rias s\u00e3o utilizadas em locais onde \u00e9 necess\u00e1rio utilizar energia de modo espera ou de emerg\u00eancia. Se voc\u00ea est\u00e1 precisando de uma bateria estacionaria em Betim, ent\u00e3o venha conhecer um pouco mais sobre seu uso e sua tecnologia.<\/p>\n<p><img loading=\"lazy\" decoding=\"async\" class=\"alignnone  wp-image-390\" src=\"http:\/\/fortebaterias.com\/site\/wp-content\/uploads\/2020\/11\/baterias-caminhao-300x179.png\" alt=\"baterias-caminhao\" width=\"379\" height=\"226\" \/><\/p>\n<h3><strong>Como funciona uma bateria estacion\u00e1ria?<\/strong><\/h3>\n<p>As baterias estacion\u00e1rias possuem uma carga flutuante continua que \u00e9 utilizada de acordo com a demanda.\u00a0 O desempenho da bateria estacion\u00e1ria \u00e9 superior se comparado a uma bateria comum, ela funciona sobre condi\u00e7\u00f5es extremas de alta temperatura e falta de energia por per\u00edodos maiores. As baterias estacion\u00e1rias possuem tecnologia de separadores de manta de fibra de vidro absorvente (AGM).<\/p>\n<p>Assim o eletr\u00f3lito fica posicionado nas mantas de microfibra e o efeito de estratifica\u00e7\u00e3o se minimiza. As baterias estacion\u00e1rias funcionam de forma diferenciada da automotiva, pois suas aplica\u00e7\u00f5es e prop\u00f3sitos s\u00e3o relacionados aos sistemas que precisam de uma fonte de energia opcional em casos de queda de energia ou para armazenagem el\u00e9trica.<\/p>\n<h3><strong>Onde utilizar uma bateria estacion\u00e1ria?<\/strong><\/h3>\n<p>De acordo com o modelo \u00e9 poss\u00edvel realizar a melhor escolha para o emprego da bateria estacion\u00e1ria. As marcas produzem linhas de baterias estacion\u00e1rias para que a utiliza\u00e7\u00e3o do produto seja realizada corretamente com a destina\u00e7\u00e3o exata.<\/p>\n<p>As baterias estacion\u00e1rias podem ser utilizadas em ambientes como:<\/p>\n<ul>\n<li>Caixas eletr\u00f4nicos<\/li>\n<li>C\u00e2meras de seguran\u00e7a<\/li>\n<li>Alarmes<\/li>\n<li>Central telef\u00f4nica<\/li>\n<li>Energia alternativa, e\u00f3lica e fotovoltaica.<\/li>\n<li>Nobreaks<\/li>\n<\/ul>\n<h3><strong>Qual a melhor bateria estacion\u00e1ria em Betim?<\/strong><\/h3>\n<p>A linha Moura estacion\u00e1ria \u00e9 reconhecida e indicada como uma das melhores baterias do mercado. Sua a linha \u00e9 composta pelos modelos:<\/p>\n<h4><strong>Clean<\/strong><\/h4>\n<p>Possui o melhor desempenho em condi\u00e7\u00f5es adversas de uso, baixo consumo energ\u00e9tico e conserva energia e minimiza a libera\u00e7\u00e3o de CO\u00a0<\/p>\n<p>Sua aplica\u00e7\u00e3o \u00e9 indicada em distribui\u00e7\u00e3o, gera\u00e7\u00e3o e transmiss\u00e3o de energia, oleodutos, telecomunica\u00e7\u00f5es, Nobreaks, refinarias e vigil\u00e2ncia eletr\u00f4nica.<\/p>\n<p><img loading=\"lazy\" decoding=\"async\" class=\"alignnone size-medium wp-image-436\" src=\"http:\/\/fortebaterias.com\/site\/wp-content\/uploads\/2020\/11\/bateria-moura-clean-BH-300x234.jpg\" alt=\"bateria-moura-clean-BH\" width=\"300\" height=\"234\" \/><\/p>\n<h4><strong>VRLA<\/strong><\/h4>\n<p>\u00c9 excelente para ambientes controlados, possui vida \u00fatil estendida, potencia imediata, segura e de f\u00e1cil instala\u00e7\u00e3o e \u00e9 livre de manuten\u00e7\u00e3o. Esse modelo \u00e9 indicado para hospitais, caixas eletr\u00f4nicos, supermercados, central de telecomunica\u00e7\u00e3o, caixas de lojas, Nobreaks e plataforma de petr\u00f3leo.<\/p>\n<h4><strong>Nobreak<\/strong><\/h4>\n<p>Confi\u00e1vel e segura, o modelo Nobreak possui tecnologia VRLA e Flooded que promovem energia eficiente para sistema de pequeno e m\u00e9dio porte. Livre de manuten\u00e7\u00e3o e com excelente aceita\u00e7\u00e3o de carga a bateria estacion\u00e1ria Nobreak \u00e9 produzida sob alto padr\u00e3o de qualidade de processo.<\/p>\n<p>\u00a0Seu uso \u00e9 indicado em estabilizadores, sistema de seguran\u00e7a, caixas de lojas, circuito fechado de televis\u00e3o, vigil\u00e2ncia eletr\u00f4nica e caixas eletr\u00f4nicos 24h.<\/p>\n<h4><strong>Solar 2V<\/strong><\/h4>\n<p>Opera em modo de ciclagem e com carga parcial, o que promove energia de qualidade em qualquer ambiente. Sua vida \u00fatil \u00e9 estendida com blindagem de tr\u00eas camadas e seu desempenho \u00e9 superior em ciclos de carga e descarga. Sua aplica\u00e7\u00e3o \u00e9 indicada em sistemas de energia alternativa e sistemas de comunica\u00e7\u00e3o em \u00e1reas distantes.<\/p>\n<h3><strong>Heliar<\/strong><\/h3>\n<p>A Heliar produz bateria estacion\u00e1ria que atende a diversas situa\u00e7\u00f5es. A Heliar Nobreak \u00e9 de uso exclusivo para Nobreaks, podendo ser utilizada em alarmes, luzes de emerg\u00eancia, caixas 24h, hospitais e sistema interno de televis\u00e3o.<\/p>\n<p>O modelo \u00e9 livre de manuten\u00e7\u00e3o, possui dois anos de garantia e possui a tecnologia PowerFrame exclusiva da Heliar.<\/p>\n<p><img loading=\"lazy\" decoding=\"async\" class=\"alignnone size-medium wp-image-430\" src=\"http:\/\/fortebaterias.com\/site\/wp-content\/uploads\/2020\/11\/Baterias-Heliar-CAMINHAO-300x192.jpg\" alt=\"Baterias-Heliar-CAMINH\u00c3O\" width=\"300\" height=\"192\" \/><\/p>\n<h4><strong>Tudor<\/strong><\/h4>\n<p>A estacion\u00e1ria Tudor \u00e9 reconhecida por apresentar excelentes resultados el\u00e9tricos e alata performance para aplica\u00e7\u00f5es, como:<\/p>\n<ul>\n<li>Ilumina\u00e7\u00e3o de emerg\u00eancia<\/li>\n<li>Centrais telef\u00f4nicas<\/li>\n<li>Outdoors<\/li>\n<li>Rede de fibra \u00f3tica<\/li>\n<li>Telecomunica\u00e7\u00f5es<\/li>\n<li>Rede de Wireless<\/li>\n<li>Hospitais<\/li>\n<li>Redes remotas<\/li>\n<li>Subesta\u00e7\u00e3o de energia<\/li>\n<\/ul>\n<p>As baterias estacion\u00e1rias Tudor foram fabricadas com componentes que toleram as mais severas condi\u00e7\u00f5es de uso. O modelo possui filtro A.G.A que ret\u00e9m as part\u00edculas \u00e1cidas, liga de chumbo-c\u00e1lcio- estanho que promove desempenho superior, grades e placas refor\u00e7adas que aumenta a durabilidade da bateria.<\/p>\n<p><img loading=\"lazy\" decoding=\"async\" class=\"alignnone size-medium wp-image-437\" src=\"http:\/\/fortebaterias.com\/site\/wp-content\/uploads\/2020\/11\/bateria-tudor-bh-300x261.jpg\" alt=\"bateria-tudor-bh\" width=\"300\" height=\"261\" \/><\/p>\n<h3><strong>Qual o pre\u00e7o da bateria estacion\u00e1ria em Betim?<\/strong><\/h3>\n<p>O valor da bateria estacion\u00e1ria pode variar de acordo com o modelo, a marca, sua localidade. Por isso n\u00e3o \u00e9 poss\u00edvel dar exatid\u00e3o para uma marca ou modelo de bateria estacion\u00e1ria. Entre em contato com uma loja conveniada para que voc\u00ea possa saber o real valor da bateria em sua regi\u00e3o.<\/p>\n<p><img loading=\"lazy\" decoding=\"async\" class=\"alignnone size-medium wp-image-332\" src=\"http:\/\/fortebaterias.com\/site\/wp-content\/uploads\/2020\/11\/BATERIAS-BH-300x183.jpg\" alt=\"BATERIAS-BH\" width=\"300\" height=\"183\" \/><\/p>\n<p>[\/et_pb_text][et_pb_button _builder_version=&#8221;3.19.15&#8243; button_text=&#8221;Fale Conosco&#8221; button_url=&#8221;https:\/\/whats.link\/fortebaterias&#8221; \/][\/et_pb_column][\/et_pb_row][\/et_pb_section]<\/p>\n","protected":false},"excerpt":{"rendered":"<p>[et_pb_section bb_built=&#8221;1&#8243;][et_pb_row][et_pb_column type=&#8221;4_4&#8243;][et_pb_text _builder_version=&#8221;3.19.15&#8243; header_text_color=&#8221;#e02b20&#8243; header_font_size=&#8221;40px&#8221;] Bateria Estacion\u00e1ria em Betim [\/et_pb_text][et_pb_text _builder_version=&#8221;3.19.15&#8243;] As baterias estacion\u00e1rias s\u00e3o diferentes das baterias automotivas. Geralmente as baterias estacion\u00e1rias s\u00e3o utilizadas em locais onde \u00e9 necess\u00e1rio utilizar energia de modo espera ou de emerg\u00eancia. Se voc\u00ea est\u00e1 precisando de uma bateria estacionaria em Betim, ent\u00e3o venha conhecer um pouco mais [&hellip;]<\/p>\n","protected":false},"author":4,"featured_media":0,"parent":0,"menu_order":0,"comment_status":"closed","ping_status":"closed","template":"","meta":{"footnotes":""},"class_list":["post-510","page","type-page","status-publish","hentry"],"yoast_head":"<!-- This site is optimized with the Yoast SEO plugin v19.9 - https:\/\/yoast.com\/wordpress\/plugins\/seo\/ -->\n<title>Bateria Estacion\u00e1ria em Betim - Forte Baterias Loja Oficial<\/title>\n<meta name=\"description\" content=\"Tenha uma experi\u00eancia r\u00e1pida e profissional na hora de trocar a bateria do seu autom\u00f3vel. Acesse o site da Forte Baterias. Entrega gr\u00e1tis.\" \/>\n<meta name=\"robots\" content=\"index, follow, max-snippet:-1, max-image-preview:large, max-video-preview:-1\" \/>\n<link rel=\"canonical\" href=\"https:\/\/fortebaterias.com\/site\/bateria-estacionaria-em-betim-2\/\" \/>\n<meta property=\"og:locale\" content=\"pt_BR\" \/>\n<meta property=\"og:type\" content=\"article\" \/>\n<meta property=\"og:title\" content=\"Bateria Estacion\u00e1ria em Betim - Forte Baterias Loja Oficial\" \/>\n<meta property=\"og:description\" content=\"Tenha uma experi\u00eancia r\u00e1pida e profissional na hora de trocar a bateria do seu autom\u00f3vel. Acesse o site da Forte Baterias. Entrega gr\u00e1tis.\" \/>\n<meta property=\"og:url\" content=\"https:\/\/fortebaterias.com\/site\/bateria-estacionaria-em-betim-2\/\" \/>\n<meta property=\"og:site_name\" content=\"Forte Baterias Loja Oficial\" \/>\n<meta property=\"article:publisher\" content=\"https:\/\/www.facebook.com\/bateriasforte\/\" \/>\n<meta property=\"og:image\" content=\"http:\/\/fortebaterias.com\/site\/wp-content\/uploads\/2020\/11\/baterias-caminhao-300x179.png\" \/>\n<meta name=\"twitter:card\" content=\"summary_large_image\" \/>\n<meta name=\"twitter:site\" content=\"@dobateria\" \/>\n<meta name=\"twitter:label1\" content=\"Est. tempo de leitura\" \/>\n\t<meta name=\"twitter:data1\" content=\"4 minutos\" \/>\n<script type=\"application\/ld+json\" class=\"yoast-schema-graph\">{\"@context\":\"https:\/\/schema.org\",\"@graph\":[{\"@type\":\"WebPage\",\"@id\":\"https:\/\/fortebaterias.com\/site\/bateria-estacionaria-em-betim-2\/\",\"url\":\"https:\/\/fortebaterias.com\/site\/bateria-estacionaria-em-betim-2\/\",\"name\":\"Bateria Estacion\u00e1ria em Betim - Forte Baterias Loja Oficial\",\"isPartOf\":{\"@id\":\"https:\/\/fortebaterias.com\/site\/#website\"},\"datePublished\":\"2020-11-26T21:04:19+00:00\",\"dateModified\":\"2020-11-26T21:04:19+00:00\",\"description\":\"Tenha uma experi\u00eancia r\u00e1pida e profissional na hora de trocar a bateria do seu autom\u00f3vel. Acesse o site da Forte Baterias. Entrega gr\u00e1tis.\",\"breadcrumb\":{\"@id\":\"https:\/\/fortebaterias.com\/site\/bateria-estacionaria-em-betim-2\/#breadcrumb\"},\"inLanguage\":\"pt-BR\",\"potentialAction\":[{\"@type\":\"ReadAction\",\"target\":[\"https:\/\/fortebaterias.com\/site\/bateria-estacionaria-em-betim-2\/\"]}]},{\"@type\":\"BreadcrumbList\",\"@id\":\"https:\/\/fortebaterias.com\/site\/bateria-estacionaria-em-betim-2\/#breadcrumb\",\"itemListElement\":[{\"@type\":\"ListItem\",\"position\":1,\"name\":\"In\u00edcio\",\"item\":\"https:\/\/fortebaterias.com\/site\/\"},{\"@type\":\"ListItem\",\"position\":2,\"name\":\"Bateria Estacion\u00e1ria em Betim\"}]},{\"@type\":\"WebSite\",\"@id\":\"https:\/\/fortebaterias.com\/site\/#website\",\"url\":\"https:\/\/fortebaterias.com\/site\/\",\"name\":\"Forte Baterias Loja Oficial\",\"description\":\"Loja de Baterias Automotivas, Carros, Motos, Estacionarias, Moura, Heliar e outras\",\"publisher\":{\"@id\":\"https:\/\/fortebaterias.com\/site\/#organization\"},\"potentialAction\":[{\"@type\":\"SearchAction\",\"target\":{\"@type\":\"EntryPoint\",\"urlTemplate\":\"https:\/\/fortebaterias.com\/site\/?s={search_term_string}\"},\"query-input\":\"required name=search_term_string\"}],\"inLanguage\":\"pt-BR\"},{\"@type\":\"Organization\",\"@id\":\"https:\/\/fortebaterias.com\/site\/#organization\",\"name\":\"Forte Baterias\",\"url\":\"https:\/\/fortebaterias.com\/site\/\",\"logo\":{\"@type\":\"ImageObject\",\"inLanguage\":\"pt-BR\",\"@id\":\"https:\/\/fortebaterias.com\/site\/#\/schema\/logo\/image\/\",\"url\":\"https:\/\/fortebaterias.com\/site\/wp-content\/uploads\/2022\/09\/forte-baterias.png\",\"contentUrl\":\"https:\/\/fortebaterias.com\/site\/wp-content\/uploads\/2022\/09\/forte-baterias.png\",\"width\":434,\"height\":116,\"caption\":\"Forte Baterias\"},\"image\":{\"@id\":\"https:\/\/fortebaterias.com\/site\/#\/schema\/logo\/image\/\"},\"sameAs\":[\"https:\/\/www.instagram.com\/fortebateriasoficial\/\",\"https:\/\/www.facebook.com\/bateriasforte\/\",\"https:\/\/twitter.com\/dobateria\"]}]}<\/script>\n<!-- \/ Yoast SEO plugin. -->","yoast_head_json":{"title":"Bateria Estacion\u00e1ria em Betim - Forte Baterias Loja Oficial","description":"Tenha uma experi\u00eancia r\u00e1pida e profissional na hora de trocar a bateria do seu autom\u00f3vel. Acesse o site da Forte Baterias. Entrega gr\u00e1tis.","robots":{"index":"index","follow":"follow","max-snippet":"max-snippet:-1","max-image-preview":"max-image-preview:large","max-video-preview":"max-video-preview:-1"},"canonical":"https:\/\/fortebaterias.com\/site\/bateria-estacionaria-em-betim-2\/","og_locale":"pt_BR","og_type":"article","og_title":"Bateria Estacion\u00e1ria em Betim - Forte Baterias Loja Oficial","og_description":"Tenha uma experi\u00eancia r\u00e1pida e profissional na hora de trocar a bateria do seu autom\u00f3vel. Acesse o site da Forte Baterias. Entrega gr\u00e1tis.","og_url":"https:\/\/fortebaterias.com\/site\/bateria-estacionaria-em-betim-2\/","og_site_name":"Forte Baterias Loja Oficial","article_publisher":"https:\/\/www.facebook.com\/bateriasforte\/","og_image":[{"url":"http:\/\/fortebaterias.com\/site\/wp-content\/uploads\/2020\/11\/baterias-caminhao-300x179.png"}],"twitter_card":"summary_large_image","twitter_site":"@dobateria","twitter_misc":{"Est. tempo de leitura":"4 minutos"},"schema":{"@context":"https:\/\/schema.org","@graph":[{"@type":"WebPage","@id":"https:\/\/fortebaterias.com\/site\/bateria-estacionaria-em-betim-2\/","url":"https:\/\/fortebaterias.com\/site\/bateria-estacionaria-em-betim-2\/","name":"Bateria Estacion\u00e1ria em Betim - Forte Baterias Loja Oficial","isPartOf":{"@id":"https:\/\/fortebaterias.com\/site\/#website"},"datePublished":"2020-11-26T21:04:19+00:00","dateModified":"2020-11-26T21:04:19+00:00","description":"Tenha uma experi\u00eancia r\u00e1pida e profissional na hora de trocar a bateria do seu autom\u00f3vel. Acesse o site da Forte Baterias. Entrega gr\u00e1tis.","breadcrumb":{"@id":"https:\/\/fortebaterias.com\/site\/bateria-estacionaria-em-betim-2\/#breadcrumb"},"inLanguage":"pt-BR","potentialAction":[{"@type":"ReadAction","target":["https:\/\/fortebaterias.com\/site\/bateria-estacionaria-em-betim-2\/"]}]},{"@type":"BreadcrumbList","@id":"https:\/\/fortebaterias.com\/site\/bateria-estacionaria-em-betim-2\/#breadcrumb","itemListElement":[{"@type":"ListItem","position":1,"name":"In\u00edcio","item":"https:\/\/fortebaterias.com\/site\/"},{"@type":"ListItem","position":2,"name":"Bateria Estacion\u00e1ria em Betim"}]},{"@type":"WebSite","@id":"https:\/\/fortebaterias.com\/site\/#website","url":"https:\/\/fortebaterias.com\/site\/","name":"Forte Baterias Loja Oficial","description":"Loja de Baterias Automotivas, Carros, Motos, Estacionarias, Moura, Heliar e outras","publisher":{"@id":"https:\/\/fortebaterias.com\/site\/#organization"},"potentialAction":[{"@type":"SearchAction","target":{"@type":"EntryPoint","urlTemplate":"https:\/\/fortebaterias.com\/site\/?s={search_term_string}"},"query-input":"required name=search_term_string"}],"inLanguage":"pt-BR"},{"@type":"Organization","@id":"https:\/\/fortebaterias.com\/site\/#organization","name":"Forte Baterias","url":"https:\/\/fortebaterias.com\/site\/","logo":{"@type":"ImageObject","inLanguage":"pt-BR","@id":"https:\/\/fortebaterias.com\/site\/#\/schema\/logo\/image\/","url":"https:\/\/fortebaterias.com\/site\/wp-content\/uploads\/2022\/09\/forte-baterias.png","contentUrl":"https:\/\/fortebaterias.com\/site\/wp-content\/uploads\/2022\/09\/forte-baterias.png","width":434,"height":116,"caption":"Forte Baterias"},"image":{"@id":"https:\/\/fortebaterias.com\/site\/#\/schema\/logo\/image\/"},"sameAs":["https:\/\/www.instagram.com\/fortebateriasoficial\/","https:\/\/www.facebook.com\/bateriasforte\/","https:\/\/twitter.com\/dobateria"]}]}},"_links":{"self":[{"href":"https:\/\/fortebaterias.com\/site\/wp-json\/wp\/v2\/pages\/510","targetHints":{"allow":["GET"]}}],"collection":[{"href":"https:\/\/fortebaterias.com\/site\/wp-json\/wp\/v2\/pages"}],"about":[{"href":"https:\/\/fortebaterias.com\/site\/wp-json\/wp\/v2\/types\/page"}],"author":[{"embeddable":true,"href":"https:\/\/fortebaterias.com\/site\/wp-json\/wp\/v2\/users\/4"}],"replies":[{"embeddable":true,"href":"https:\/\/fortebaterias.com\/site\/wp-json\/wp\/v2\/comments?post=510"}],"version-history":[{"count":0,"href":"https:\/\/fortebaterias.com\/site\/wp-json\/wp\/v2\/pages\/510\/revisions"}],"wp:attachment":[{"href":"https:\/\/fortebaterias.com\/site\/wp-json\/wp\/v2\/media?parent=510"}],"curies":[{"name":"wp","href":"https:\/\/api.w.org\/{rel}","templated":true}]}}