{"id":506,"date":"2020-11-24T17:10:38","date_gmt":"2020-11-24T20:10:38","guid":{"rendered":"http:\/\/fortebaterias.com\/site\/?page_id=423"},"modified":"2020-11-24T17:10:38","modified_gmt":"2020-11-24T20:10:38","slug":"bateria-para-caminhao-moura-150-ah","status":"publish","type":"page","link":"https:\/\/fortebaterias.com\/site\/bateria-para-caminhao-moura-150-ah\/","title":{"rendered":"Bateria para Caminh\u00e3o Moura 150 Ah"},"content":{"rendered":"<p>[et_pb_section bb_built=&#8221;1&#8243;][et_pb_row][et_pb_column type=&#8221;4_4&#8243;][et_pb_text _builder_version=&#8221;3.19.15&#8243; header_text_color=&#8221;#e02b20&#8243; header_font_size=&#8221;40px&#8221;]<\/p>\n<h1><strong>Bateria para Caminh\u00e3o Moura 150 Ah<\/strong><\/h1>\n<p>[\/et_pb_text][et_pb_text _builder_version=&#8221;3.19.15&#8243;]<\/p>\n<p>Ve\u00edculos pesados exigem muito mais da parte el\u00e9trica e demandam por baterias mais fortes e resistentes. A linha Moura para ve\u00edculos pesados possui baterias mais modernas e dur\u00e1veis, fornecendo maior resist\u00eancia para que seu caminh\u00e3o encare longas jornadas de trabalho. Seu modelo de bateria para caminh\u00e3o 150 Ah se destaca pela capacidade e resist\u00eancia entregue para os ve\u00edculos da categoria.<\/p>\n<p><img loading=\"lazy\" decoding=\"async\" class=\"alignnone size-full wp-image-324\" src=\"https:\/\/fortebaterias.com\/site\/wp-content\/uploads\/2020\/11\/BATERIA-DE-CAMINHAO-BH.jpg\" alt=\"BATERIA-DE-CAMINH\u00c3O-BH\" width=\"225\" height=\"225\" \/><\/p>\n<h3><strong>Por que escolher a bateria Moura?<\/strong><\/h3>\n<p>A Moura possui um legado de qualidade, seguran\u00e7a e inova\u00e7\u00e3o em suas pe\u00e7as. Por isso, al\u00e9m de contar com uma pe\u00e7a original com garantias, ao adquirir uma bateria Mora voc\u00ea ter\u00e1 duas vezes mais vida \u00fatil, pois a bateria \u00e9 equipada com um dispositivo que garante a preserva\u00e7\u00e3o dos seus componentes estrat\u00e9gicos.\u00a0\u00a0 A resist\u00eancia tamb\u00e9m \u00e9 maior contra impactos, devido aos elementos blindados que previnem danos em seu interior e as ligas anticorros\u00e3o, colaboram na maior durabilidade das baterias.<\/p>\n<h3><strong>Qual o melhor modelo de bateria para caminh\u00e3o?<\/strong><\/h3>\n<p>A linha de baterias de l\u00edtio da Moura possui mais densidade energ\u00e9tica, \u00e9 livre de emiss\u00f5es de gases poluentes e tem um ciclo de vida prolongado.\u00a0 Possui alta frequ\u00eancia, recarga r\u00e1pida e um sistema de gerenciamento eletr\u00f4nico que coleta e organiza os dados em tempo real, o que auxilia a determinar a condi\u00e7\u00e3o em que a bateria se encontra, comanda a carga e descarga, e controla a temperatura. \u00c9 uma tecnologia sustent\u00e1vel, pois uma vez que seu primeiro ciclo \u00e9 encerrado, pode ser reutilizada.<\/p>\n<h3><strong>Por que a bateria para caminh\u00e3o Moura \u00e9 diferente?<\/strong><\/h3>\n<p>A Moura desenvolveu uma linha de baterias especial para os sistemas eletr\u00f4nicos embarcados nos ve\u00edculos pesados. Esta bateria atende aos requisitos mais exigentes dessa categoria, pois alinha oferece maior resist\u00eancia \u00e0s vibra\u00e7\u00f5es intensas e repetidas das longas viagens de trabalho.<\/p>\n<p>A linha foi projetada para promover maior resist\u00eancia \u00e0s opera\u00e7\u00f5es de transporte profissional de carga com seguran\u00e7a e durabilidade. As pe\u00e7as tem sua qualidade atestada e \u00e9 a principal em montadoras de caminh\u00f5es do Brasil e Argentina como Mercedes-Benz, Navistar internacional, Ford e Iveco.<\/p>\n<h3><strong>Bateria para caminh\u00e3o Moura 150 Ah<\/strong><\/h3>\n<p>A Bateria Moura 150 Ah possui uma vida \u00fatil at\u00e9 50% a mais que as outras baterias do mercado. Computador de bordo, ar-condicionado, GPS, trava el\u00e9trica, e outros itens eletr\u00f4nicos aumentaram expressivamente na ultima d\u00e9cada. Com isso, veio o aumento do uso da eletricidade, o que promove o desgaste mais r\u00e1pido da bateria.<\/p>\n<p>Os produtos da linha Moura automotiva s\u00e3o destaque em qualidade. Sempre inovando em tecnologia, a empresa refor\u00e7ou seu compromisso com o consumidor ao divulgar a renova\u00e7\u00e3o da sua linha de acumuladores de 40 a 200 Ah.<\/p>\n<p>A Moura realizou melhorias, chegando a uma linha mais potente e com m\u00e1xima resist\u00eancia a condi\u00e7\u00f5es extremas de uso. E para garantir sua qualidade, o prazo de garantia foi estendido para 18 meses para baterias. A Moura possui excel\u00eancia na evolu\u00e7\u00e3o nos seus produtos para atender cada vez melhor os consumidores.<\/p>\n<h3><strong>Cuidados na hora de trocar a bateria do caminh\u00e3o<\/strong><\/h3>\n<p>Primeiramente, voc\u00ea n\u00e3o se deve trocar a bateria do caminh\u00e3o sozinho, pois os riscos s\u00e3o in\u00fameros e voc\u00ea pode sofrer um acidente e gerar um inc\u00eandio. Por isso \u00e9 importante que um profissional experiente realize a troca, o que faz toda a diferen\u00e7a.<\/p>\n<p><img loading=\"lazy\" decoding=\"async\" class=\"alignnone size-medium wp-image-323\" src=\"http:\/\/fortebaterias.com\/site\/wp-content\/uploads\/2020\/11\/bateria-de-caminhoes-BH-300x173.jpeg\" alt=\"bateria-de-caminhoes-BH\" width=\"300\" height=\"173\" \/><\/p>\n<h3><strong>N\u00e3o fa\u00e7a uso de \u201cgambiarras\u201d em seu caminh\u00e3o<\/strong><\/h3>\n<p>Se a bateria estiver totalmente descarregada, sem que nenhuma luz interna se acenda, ent\u00e3o a bateria pode estar isolada. E quando o carregador \u00e9 ligado diretamente na bateria do caminh\u00e3o, sem um acumulador, h\u00e1 um pico de tens\u00e3o que pode destruir o m\u00f3dulo de inje\u00e7\u00e3o e os outros componentes.<\/p>\n<p>Inverter a polaridade tamb\u00e9m pode ocasionar em danos ao ve\u00edculo. A fonte de m\u00f3dulo pode estourar e at\u00e9 mesmo romper a trilha do painel, pois os componentes eletr\u00f4nicos n\u00e3o suportam a carga.<\/p>\n<p>[\/et_pb_text][et_pb_button _builder_version=&#8221;3.19.15&#8243; button_text=&#8221;Fale Conosco&#8221; button_url=&#8221;https:\/\/whats.link\/fortebaterias&#8221; \/][et_pb_code _builder_version=&#8221;3.19.15&#8243;]<iframe loading=\"lazy\" width=\"560\" height=\"315\" src=\"https:\/\/www.youtube.com\/embed\/sYtp9fOUFk8\" frameborder=\"0\" allow=\"accelerometer; autoplay; clipboard-write; encrypted-media; gyroscope; picture-in-picture\" allowfullscreen><\/iframe>[\/et_pb_code][et_pb_button _builder_version=&#8221;3.19.15&#8243; button_text=&#8221;Fale Conosco&#8221; button_url=&#8221;https:\/\/whats.link\/fortebaterias&#8221; \/][\/et_pb_column][\/et_pb_row][\/et_pb_section]<\/p>\n","protected":false},"excerpt":{"rendered":"<p>[et_pb_section bb_built=&#8221;1&#8243;][et_pb_row][et_pb_column type=&#8221;4_4&#8243;][et_pb_text _builder_version=&#8221;3.19.15&#8243; header_text_color=&#8221;#e02b20&#8243; header_font_size=&#8221;40px&#8221;] Bateria para Caminh\u00e3o Moura 150 Ah [\/et_pb_text][et_pb_text _builder_version=&#8221;3.19.15&#8243;] Ve\u00edculos pesados exigem muito mais da parte el\u00e9trica e demandam por baterias mais fortes e resistentes. A linha Moura para ve\u00edculos pesados possui baterias mais modernas e dur\u00e1veis, fornecendo maior resist\u00eancia para que seu caminh\u00e3o encare longas jornadas de trabalho. Seu [&hellip;]<\/p>\n","protected":false},"author":4,"featured_media":0,"parent":0,"menu_order":0,"comment_status":"closed","ping_status":"closed","template":"","meta":{"footnotes":""},"class_list":["post-506","page","type-page","status-publish","hentry"],"yoast_head":"<!-- This site is optimized with the Yoast SEO plugin v19.9 - https:\/\/yoast.com\/wordpress\/plugins\/seo\/ -->\n<title>Bateria para Caminh\u00e3o Moura 150 Ah - Forte Baterias Loja Oficial<\/title>\n<meta name=\"description\" content=\"Se voc\u00ea procura por Bateria Para Caminh\u00e3o Moura 150 Ah, Acesse nosso site com as melhores baterias. Bateria Nova com Pre\u00e7o Baixo.\" \/>\n<meta name=\"robots\" content=\"index, follow, max-snippet:-1, max-image-preview:large, max-video-preview:-1\" \/>\n<link rel=\"canonical\" href=\"https:\/\/fortebaterias.com\/site\/bateria-para-caminhao-moura-150-ah\/\" \/>\n<meta property=\"og:locale\" content=\"pt_BR\" \/>\n<meta property=\"og:type\" content=\"article\" \/>\n<meta property=\"og:title\" content=\"Bateria para Caminh\u00e3o Moura 150 Ah - Forte Baterias Loja Oficial\" \/>\n<meta property=\"og:description\" content=\"Se voc\u00ea procura por Bateria Para Caminh\u00e3o Moura 150 Ah, Acesse nosso site com as melhores baterias. Bateria Nova com Pre\u00e7o Baixo.\" \/>\n<meta property=\"og:url\" content=\"https:\/\/fortebaterias.com\/site\/bateria-para-caminhao-moura-150-ah\/\" \/>\n<meta property=\"og:site_name\" content=\"Forte Baterias Loja Oficial\" \/>\n<meta property=\"article:publisher\" content=\"https:\/\/www.facebook.com\/bateriasforte\/\" \/>\n<meta property=\"og:image\" content=\"https:\/\/fortebaterias.com\/site\/wp-content\/uploads\/2020\/11\/BATERIA-DE-CAMINHAO-BH.jpg\" \/>\n<meta name=\"twitter:card\" content=\"summary_large_image\" \/>\n<meta name=\"twitter:site\" content=\"@dobateria\" \/>\n<meta name=\"twitter:label1\" content=\"Est. tempo de leitura\" \/>\n\t<meta name=\"twitter:data1\" content=\"4 minutos\" \/>\n<script type=\"application\/ld+json\" class=\"yoast-schema-graph\">{\"@context\":\"https:\/\/schema.org\",\"@graph\":[{\"@type\":\"WebPage\",\"@id\":\"https:\/\/fortebaterias.com\/site\/bateria-para-caminhao-moura-150-ah\/\",\"url\":\"https:\/\/fortebaterias.com\/site\/bateria-para-caminhao-moura-150-ah\/\",\"name\":\"Bateria para Caminh\u00e3o Moura 150 Ah - Forte Baterias Loja Oficial\",\"isPartOf\":{\"@id\":\"https:\/\/fortebaterias.com\/site\/#website\"},\"datePublished\":\"2020-11-24T20:10:38+00:00\",\"dateModified\":\"2020-11-24T20:10:38+00:00\",\"description\":\"Se voc\u00ea procura por Bateria Para Caminh\u00e3o Moura 150 Ah, Acesse nosso site com as melhores baterias. Bateria Nova com Pre\u00e7o Baixo.\",\"breadcrumb\":{\"@id\":\"https:\/\/fortebaterias.com\/site\/bateria-para-caminhao-moura-150-ah\/#breadcrumb\"},\"inLanguage\":\"pt-BR\",\"potentialAction\":[{\"@type\":\"ReadAction\",\"target\":[\"https:\/\/fortebaterias.com\/site\/bateria-para-caminhao-moura-150-ah\/\"]}]},{\"@type\":\"BreadcrumbList\",\"@id\":\"https:\/\/fortebaterias.com\/site\/bateria-para-caminhao-moura-150-ah\/#breadcrumb\",\"itemListElement\":[{\"@type\":\"ListItem\",\"position\":1,\"name\":\"In\u00edcio\",\"item\":\"https:\/\/fortebaterias.com\/site\/\"},{\"@type\":\"ListItem\",\"position\":2,\"name\":\"Bateria para Caminh\u00e3o Moura 150 Ah\"}]},{\"@type\":\"WebSite\",\"@id\":\"https:\/\/fortebaterias.com\/site\/#website\",\"url\":\"https:\/\/fortebaterias.com\/site\/\",\"name\":\"Forte Baterias Loja Oficial\",\"description\":\"Loja de Baterias Automotivas, Carros, Motos, Estacionarias, Moura, Heliar e outras\",\"publisher\":{\"@id\":\"https:\/\/fortebaterias.com\/site\/#organization\"},\"potentialAction\":[{\"@type\":\"SearchAction\",\"target\":{\"@type\":\"EntryPoint\",\"urlTemplate\":\"https:\/\/fortebaterias.com\/site\/?s={search_term_string}\"},\"query-input\":\"required name=search_term_string\"}],\"inLanguage\":\"pt-BR\"},{\"@type\":\"Organization\",\"@id\":\"https:\/\/fortebaterias.com\/site\/#organization\",\"name\":\"Forte Baterias\",\"url\":\"https:\/\/fortebaterias.com\/site\/\",\"logo\":{\"@type\":\"ImageObject\",\"inLanguage\":\"pt-BR\",\"@id\":\"https:\/\/fortebaterias.com\/site\/#\/schema\/logo\/image\/\",\"url\":\"https:\/\/fortebaterias.com\/site\/wp-content\/uploads\/2022\/09\/forte-baterias.png\",\"contentUrl\":\"https:\/\/fortebaterias.com\/site\/wp-content\/uploads\/2022\/09\/forte-baterias.png\",\"width\":434,\"height\":116,\"caption\":\"Forte Baterias\"},\"image\":{\"@id\":\"https:\/\/fortebaterias.com\/site\/#\/schema\/logo\/image\/\"},\"sameAs\":[\"https:\/\/www.instagram.com\/fortebateriasoficial\/\",\"https:\/\/www.facebook.com\/bateriasforte\/\",\"https:\/\/twitter.com\/dobateria\"]}]}<\/script>\n<!-- \/ Yoast SEO plugin. -->","yoast_head_json":{"title":"Bateria para Caminh\u00e3o Moura 150 Ah - Forte Baterias Loja Oficial","description":"Se voc\u00ea procura por Bateria Para Caminh\u00e3o Moura 150 Ah, Acesse nosso site com as melhores baterias. Bateria Nova com Pre\u00e7o Baixo.","robots":{"index":"index","follow":"follow","max-snippet":"max-snippet:-1","max-image-preview":"max-image-preview:large","max-video-preview":"max-video-preview:-1"},"canonical":"https:\/\/fortebaterias.com\/site\/bateria-para-caminhao-moura-150-ah\/","og_locale":"pt_BR","og_type":"article","og_title":"Bateria para Caminh\u00e3o Moura 150 Ah - Forte Baterias Loja Oficial","og_description":"Se voc\u00ea procura por Bateria Para Caminh\u00e3o Moura 150 Ah, Acesse nosso site com as melhores baterias. Bateria Nova com Pre\u00e7o Baixo.","og_url":"https:\/\/fortebaterias.com\/site\/bateria-para-caminhao-moura-150-ah\/","og_site_name":"Forte Baterias Loja Oficial","article_publisher":"https:\/\/www.facebook.com\/bateriasforte\/","og_image":[{"url":"https:\/\/fortebaterias.com\/site\/wp-content\/uploads\/2020\/11\/BATERIA-DE-CAMINHAO-BH.jpg"}],"twitter_card":"summary_large_image","twitter_site":"@dobateria","twitter_misc":{"Est. tempo de leitura":"4 minutos"},"schema":{"@context":"https:\/\/schema.org","@graph":[{"@type":"WebPage","@id":"https:\/\/fortebaterias.com\/site\/bateria-para-caminhao-moura-150-ah\/","url":"https:\/\/fortebaterias.com\/site\/bateria-para-caminhao-moura-150-ah\/","name":"Bateria para Caminh\u00e3o Moura 150 Ah - Forte Baterias Loja Oficial","isPartOf":{"@id":"https:\/\/fortebaterias.com\/site\/#website"},"datePublished":"2020-11-24T20:10:38+00:00","dateModified":"2020-11-24T20:10:38+00:00","description":"Se voc\u00ea procura por Bateria Para Caminh\u00e3o Moura 150 Ah, Acesse nosso site com as melhores baterias. Bateria Nova com Pre\u00e7o Baixo.","breadcrumb":{"@id":"https:\/\/fortebaterias.com\/site\/bateria-para-caminhao-moura-150-ah\/#breadcrumb"},"inLanguage":"pt-BR","potentialAction":[{"@type":"ReadAction","target":["https:\/\/fortebaterias.com\/site\/bateria-para-caminhao-moura-150-ah\/"]}]},{"@type":"BreadcrumbList","@id":"https:\/\/fortebaterias.com\/site\/bateria-para-caminhao-moura-150-ah\/#breadcrumb","itemListElement":[{"@type":"ListItem","position":1,"name":"In\u00edcio","item":"https:\/\/fortebaterias.com\/site\/"},{"@type":"ListItem","position":2,"name":"Bateria para Caminh\u00e3o Moura 150 Ah"}]},{"@type":"WebSite","@id":"https:\/\/fortebaterias.com\/site\/#website","url":"https:\/\/fortebaterias.com\/site\/","name":"Forte Baterias Loja Oficial","description":"Loja de Baterias Automotivas, Carros, Motos, Estacionarias, Moura, Heliar e outras","publisher":{"@id":"https:\/\/fortebaterias.com\/site\/#organization"},"potentialAction":[{"@type":"SearchAction","target":{"@type":"EntryPoint","urlTemplate":"https:\/\/fortebaterias.com\/site\/?s={search_term_string}"},"query-input":"required name=search_term_string"}],"inLanguage":"pt-BR"},{"@type":"Organization","@id":"https:\/\/fortebaterias.com\/site\/#organization","name":"Forte Baterias","url":"https:\/\/fortebaterias.com\/site\/","logo":{"@type":"ImageObject","inLanguage":"pt-BR","@id":"https:\/\/fortebaterias.com\/site\/#\/schema\/logo\/image\/","url":"https:\/\/fortebaterias.com\/site\/wp-content\/uploads\/2022\/09\/forte-baterias.png","contentUrl":"https:\/\/fortebaterias.com\/site\/wp-content\/uploads\/2022\/09\/forte-baterias.png","width":434,"height":116,"caption":"Forte Baterias"},"image":{"@id":"https:\/\/fortebaterias.com\/site\/#\/schema\/logo\/image\/"},"sameAs":["https:\/\/www.instagram.com\/fortebateriasoficial\/","https:\/\/www.facebook.com\/bateriasforte\/","https:\/\/twitter.com\/dobateria"]}]}},"_links":{"self":[{"href":"https:\/\/fortebaterias.com\/site\/wp-json\/wp\/v2\/pages\/506","targetHints":{"allow":["GET"]}}],"collection":[{"href":"https:\/\/fortebaterias.com\/site\/wp-json\/wp\/v2\/pages"}],"about":[{"href":"https:\/\/fortebaterias.com\/site\/wp-json\/wp\/v2\/types\/page"}],"author":[{"embeddable":true,"href":"https:\/\/fortebaterias.com\/site\/wp-json\/wp\/v2\/users\/4"}],"replies":[{"embeddable":true,"href":"https:\/\/fortebaterias.com\/site\/wp-json\/wp\/v2\/comments?post=506"}],"version-history":[{"count":0,"href":"https:\/\/fortebaterias.com\/site\/wp-json\/wp\/v2\/pages\/506\/revisions"}],"wp:attachment":[{"href":"https:\/\/fortebaterias.com\/site\/wp-json\/wp\/v2\/media?parent=506"}],"curies":[{"name":"wp","href":"https:\/\/api.w.org\/{rel}","templated":true}]}}