{"id":498,"date":"2020-11-23T03:30:13","date_gmt":"2020-11-23T06:30:13","guid":{"rendered":"http:\/\/fortebaterias.com\/site\/?page_id=385"},"modified":"2020-11-23T03:30:13","modified_gmt":"2020-11-23T06:30:13","slug":"bateria-moura-betim","status":"publish","type":"page","link":"https:\/\/fortebaterias.com\/site\/bateria-moura-betim\/","title":{"rendered":"Bateria Moura Betim"},"content":{"rendered":"<p>[et_pb_section bb_built=&#8221;1&#8243;][et_pb_row][et_pb_column type=&#8221;4_4&#8243;][et_pb_text _builder_version=&#8221;3.19.15&#8243; header_text_color=&#8221;#e02b20&#8243; header_font_size=&#8221;40px&#8221;]<\/p>\n<h1><strong>Bateria Moura Betim<\/strong><\/h1>\n<p>[\/et_pb_text][et_pb_text _builder_version=&#8221;3.19.15&#8243;]<\/p>\n<p>Baterias automotivas reservam a energia el\u00e9trica na forma qu\u00edmica e quando acionadas, geram energia el\u00e9trica novamente. A bateria Moura Betim serve para promover energia na partida do motor, para ilumina\u00e7\u00e3o interna e externa e para manter todos os sistemas el\u00e9tricos ativos.<\/p>\n<p><img loading=\"lazy\" decoding=\"async\" class=\"alignnone size-medium wp-image-357\" src=\"http:\/\/fortebaterias.com\/site\/wp-content\/uploads\/2020\/11\/estacionarias-bateria-MOURA-300x255.png\" alt=\"estacionarias-bateria-MOURA\" width=\"300\" height=\"255\" srcset=\"https:\/\/fortebaterias.com\/site\/wp-content\/uploads\/2020\/11\/estacionarias-bateria-MOURA-300x255.png 300w, https:\/\/fortebaterias.com\/site\/wp-content\/uploads\/2020\/11\/estacionarias-bateria-MOURA.png 380w\" sizes=\"auto, (max-width: 300px) 100vw, 300px\" \/><\/p>\n<h3><strong>S\u00e9rie Moura Automotiva<\/strong><\/h3>\n<p>A Moura confecciona uma linha de bateria de carro que est\u00e3o presentes nas melhores montadoras do mundo. A Moura Automotiva foi arquitetada para elevar a seguran\u00e7a e a durabilidade demandada pelos ve\u00edculos com maior eletroeletr\u00f4nica inclusa, o que promove o melhor desempenho do autom\u00f3vel.<\/p>\n<h3><strong>Vantagens da bateria Moura <\/strong><\/h3>\n<p>De acordo com o fabricante, a linha Moura automotiva oferece mais seguran\u00e7a, devido \u00e0 sa\u00edda de g\u00e1s e a pastilha anti-chamas que s\u00e3o adaptadas no produto. Isso possibilita o fluxo de gases e impede a entrada de centelhas.<\/p>\n<p>A bateria tamb\u00e9m possui uma veda\u00e7\u00e3o anti vazamento e sua forma \u00e9 considerada revolucionaria, pois impossibilita o vazamento da solu\u00e7\u00e3o eletrol\u00edtica, de acordo com as normas de seguran\u00e7a praticada nas principais montadoras mundiais.<\/p>\n<p>Outro atributo da linha Moura automotiva \u00e9 a vida \u00fatil maior da bateria. Ela possui placas positivas laminadas e inovadoras ligas de chumbo que promovem mais resist\u00eancia \u00e0s vibra\u00e7\u00f5es e a troca cont\u00ednua.<\/p>\n<p>Na partida ela \u00e9 mais eficiente devido os aditivos de carbono e novas ligas de chumbo, que promovem um alto rendimento el\u00e9trico em condi\u00e7\u00f5es extremas de uso.<\/p>\n<p>As vantagens da linha Moura automotiva, assim como das outras baterias fabricadas pela Moura \u00e9 que voc\u00ea vai comprar uma pe\u00e7a original de f\u00e1brica, que est\u00e1 presente nas maiores montadoras do mundo, como Ford, General Motors, Fiat, Volkswagen, Mercedes, Jeep, MAN e Iveco.<\/p>\n<h3><strong>L\u00edder no mercado automotivo <\/strong><\/h3>\n<p>Na Am\u00e9rica do Sul, a moura \u00e9 l\u00edder de vendas, pois possui uma rede pr\u00f3pria de distribui\u00e7\u00e3o de baterias com 50 mil lojas especializadas aproximadamente.<\/p>\n<h3><strong>Qual bateria Moura Betim \u00e9 indicada para seu veiculo?<\/strong><\/h3>\n<p>\u00c9 muito importante que voc\u00ea escolha pela bateria correta para seu veiculo, por isso h\u00e1 no mercado diferentes tipos de baterias para cada tipo de carro:<\/p>\n<h3><strong>Linha automotiva<\/strong><\/h3>\n<p>A automotiva \u00e9 indicada para os mais diversos tipos de modelos de carros.<\/p>\n<h3><strong>Bateria para carros populares<\/strong><\/h3>\n<p>A linha automotiva convencional \u00e9 para carros mais populares, j\u00e1 que \u00e9 ideal para ve\u00edculos que precisam rodar por muito mais tempo.<\/p>\n<h3><strong>Bateria para Sedans <\/strong><\/h3>\n<p>S\u00e3o modelos familiares e podem utilizar a linha Moura automotiva. Este modelo de carro possui, geralmente, sistema infotainment, com tela colorida com alta defini\u00e7\u00e3o e conex\u00e3o com smartphones.\u00a0 Todos adicionais eletr\u00f4nicos podem funcionar por meio de uma bateria automotiva.<\/p>\n<p><img loading=\"lazy\" decoding=\"async\" class=\"alignnone size-medium wp-image-310\" src=\"http:\/\/fortebaterias.com\/site\/wp-content\/uploads\/2020\/11\/BATERIA-MOURA-60-300x298.jpg\" alt=\"BATERIA-MOURA-60\" width=\"300\" height=\"298\" \/><\/p>\n<h3><strong>Bateria para Hatches<\/strong><\/h3>\n<p>Mais compactos e leves, os modelos Hatches podem utilizar os modelos de bateria Moura convencional. Os modelos possuem diversos recursos eletr\u00f4nicos que necessitam de uma boa bateria.<\/p>\n<h3><strong>Picapes <\/strong><\/h3>\n<p>As picapes s\u00e3o modelos de duas portas, mas que precisam de uma bateria confi\u00e1vel\u00a0 para carregar o peso extra da sua carroceria com seguran\u00e7a e confiabilidade. Mesmo possuindo muitos recursos tecnol\u00f3gicos a bateria Moura convencional atende bem esse veiculo.<\/p>\n<h3><strong>SUVs <\/strong><\/h3>\n<p>Cheias de recursos modernos eletr\u00f4nicos, as SUVs possuem c\u00e2mera 360\u00b0, alerta de trafego, reconhecimento de pedestres e ciclistas. Desse modo a bateria Moura BH \u00e9 perfeitamente indicadas para os SUVs sendo poss\u00edvel utilizar a linha automotiva convencional da Moura.<\/p>\n<p>[\/et_pb_text][et_pb_button _builder_version=&#8221;3.19.15&#8243; button_text=&#8221;Fale Conosco&#8221; button_url=&#8221;https:\/\/whats.link\/fortebaterias&#8221; \/][\/et_pb_column][\/et_pb_row][\/et_pb_section]<\/p>\n","protected":false},"excerpt":{"rendered":"<p>[et_pb_section bb_built=&#8221;1&#8243;][et_pb_row][et_pb_column type=&#8221;4_4&#8243;][et_pb_text _builder_version=&#8221;3.19.15&#8243; header_text_color=&#8221;#e02b20&#8243; header_font_size=&#8221;40px&#8221;] Bateria Moura Betim [\/et_pb_text][et_pb_text _builder_version=&#8221;3.19.15&#8243;] Baterias automotivas reservam a energia el\u00e9trica na forma qu\u00edmica e quando acionadas, geram energia el\u00e9trica novamente. A bateria Moura Betim serve para promover energia na partida do motor, para ilumina\u00e7\u00e3o interna e externa e para manter todos os sistemas el\u00e9tricos ativos. S\u00e9rie Moura Automotiva [&hellip;]<\/p>\n","protected":false},"author":4,"featured_media":0,"parent":0,"menu_order":0,"comment_status":"closed","ping_status":"closed","template":"","meta":{"footnotes":""},"class_list":["post-498","page","type-page","status-publish","hentry"],"yoast_head":"<!-- This site is optimized with the Yoast SEO plugin v19.9 - https:\/\/yoast.com\/wordpress\/plugins\/seo\/ -->\n<title>Bateria Moura Betim - Forte Baterias Loja Oficial<\/title>\n<meta name=\"description\" content=\"Parcelamos Sem Juros, Entrega e Instala\u00e7\u00e3o Gr\u00e1tis, Acesse J\u00e1. Somos a Melhor Loja De Bateria De Betim e Regi\u00e3o.\" \/>\n<meta name=\"robots\" content=\"index, follow, max-snippet:-1, max-image-preview:large, max-video-preview:-1\" \/>\n<link rel=\"canonical\" href=\"https:\/\/fortebaterias.com\/site\/bateria-moura-betim\/\" \/>\n<meta property=\"og:locale\" content=\"pt_BR\" \/>\n<meta property=\"og:type\" content=\"article\" \/>\n<meta property=\"og:title\" content=\"Bateria Moura Betim - Forte Baterias Loja Oficial\" \/>\n<meta property=\"og:description\" content=\"Parcelamos Sem Juros, Entrega e Instala\u00e7\u00e3o Gr\u00e1tis, Acesse J\u00e1. Somos a Melhor Loja De Bateria De Betim e Regi\u00e3o.\" \/>\n<meta property=\"og:url\" content=\"https:\/\/fortebaterias.com\/site\/bateria-moura-betim\/\" \/>\n<meta property=\"og:site_name\" content=\"Forte Baterias Loja Oficial\" \/>\n<meta property=\"article:publisher\" content=\"https:\/\/www.facebook.com\/bateriasforte\/\" \/>\n<meta property=\"og:image\" content=\"http:\/\/fortebaterias.com\/site\/wp-content\/uploads\/2020\/11\/estacionarias-bateria-MOURA-300x255.png\" \/>\n<meta name=\"twitter:card\" content=\"summary_large_image\" \/>\n<meta name=\"twitter:site\" content=\"@dobateria\" \/>\n<meta name=\"twitter:label1\" content=\"Est. tempo de leitura\" \/>\n\t<meta name=\"twitter:data1\" content=\"3 minutos\" \/>\n<script type=\"application\/ld+json\" class=\"yoast-schema-graph\">{\"@context\":\"https:\/\/schema.org\",\"@graph\":[{\"@type\":\"WebPage\",\"@id\":\"https:\/\/fortebaterias.com\/site\/bateria-moura-betim\/\",\"url\":\"https:\/\/fortebaterias.com\/site\/bateria-moura-betim\/\",\"name\":\"Bateria Moura Betim - Forte Baterias Loja Oficial\",\"isPartOf\":{\"@id\":\"https:\/\/fortebaterias.com\/site\/#website\"},\"datePublished\":\"2020-11-23T06:30:13+00:00\",\"dateModified\":\"2020-11-23T06:30:13+00:00\",\"description\":\"Parcelamos Sem Juros, Entrega e Instala\u00e7\u00e3o Gr\u00e1tis, Acesse J\u00e1. Somos a Melhor Loja De Bateria De Betim e Regi\u00e3o.\",\"breadcrumb\":{\"@id\":\"https:\/\/fortebaterias.com\/site\/bateria-moura-betim\/#breadcrumb\"},\"inLanguage\":\"pt-BR\",\"potentialAction\":[{\"@type\":\"ReadAction\",\"target\":[\"https:\/\/fortebaterias.com\/site\/bateria-moura-betim\/\"]}]},{\"@type\":\"BreadcrumbList\",\"@id\":\"https:\/\/fortebaterias.com\/site\/bateria-moura-betim\/#breadcrumb\",\"itemListElement\":[{\"@type\":\"ListItem\",\"position\":1,\"name\":\"In\u00edcio\",\"item\":\"https:\/\/fortebaterias.com\/site\/\"},{\"@type\":\"ListItem\",\"position\":2,\"name\":\"Bateria Moura Betim\"}]},{\"@type\":\"WebSite\",\"@id\":\"https:\/\/fortebaterias.com\/site\/#website\",\"url\":\"https:\/\/fortebaterias.com\/site\/\",\"name\":\"Forte Baterias Loja Oficial\",\"description\":\"Loja de Baterias Automotivas, Carros, Motos, Estacionarias, Moura, Heliar e outras\",\"publisher\":{\"@id\":\"https:\/\/fortebaterias.com\/site\/#organization\"},\"potentialAction\":[{\"@type\":\"SearchAction\",\"target\":{\"@type\":\"EntryPoint\",\"urlTemplate\":\"https:\/\/fortebaterias.com\/site\/?s={search_term_string}\"},\"query-input\":\"required name=search_term_string\"}],\"inLanguage\":\"pt-BR\"},{\"@type\":\"Organization\",\"@id\":\"https:\/\/fortebaterias.com\/site\/#organization\",\"name\":\"Forte Baterias\",\"url\":\"https:\/\/fortebaterias.com\/site\/\",\"logo\":{\"@type\":\"ImageObject\",\"inLanguage\":\"pt-BR\",\"@id\":\"https:\/\/fortebaterias.com\/site\/#\/schema\/logo\/image\/\",\"url\":\"https:\/\/fortebaterias.com\/site\/wp-content\/uploads\/2022\/09\/forte-baterias.png\",\"contentUrl\":\"https:\/\/fortebaterias.com\/site\/wp-content\/uploads\/2022\/09\/forte-baterias.png\",\"width\":434,\"height\":116,\"caption\":\"Forte Baterias\"},\"image\":{\"@id\":\"https:\/\/fortebaterias.com\/site\/#\/schema\/logo\/image\/\"},\"sameAs\":[\"https:\/\/www.instagram.com\/fortebateriasoficial\/\",\"https:\/\/www.facebook.com\/bateriasforte\/\",\"https:\/\/twitter.com\/dobateria\"]}]}<\/script>\n<!-- \/ Yoast SEO plugin. -->","yoast_head_json":{"title":"Bateria Moura Betim - Forte Baterias Loja Oficial","description":"Parcelamos Sem Juros, Entrega e Instala\u00e7\u00e3o Gr\u00e1tis, Acesse J\u00e1. Somos a Melhor Loja De Bateria De Betim e Regi\u00e3o.","robots":{"index":"index","follow":"follow","max-snippet":"max-snippet:-1","max-image-preview":"max-image-preview:large","max-video-preview":"max-video-preview:-1"},"canonical":"https:\/\/fortebaterias.com\/site\/bateria-moura-betim\/","og_locale":"pt_BR","og_type":"article","og_title":"Bateria Moura Betim - Forte Baterias Loja Oficial","og_description":"Parcelamos Sem Juros, Entrega e Instala\u00e7\u00e3o Gr\u00e1tis, Acesse J\u00e1. Somos a Melhor Loja De Bateria De Betim e Regi\u00e3o.","og_url":"https:\/\/fortebaterias.com\/site\/bateria-moura-betim\/","og_site_name":"Forte Baterias Loja Oficial","article_publisher":"https:\/\/www.facebook.com\/bateriasforte\/","og_image":[{"url":"http:\/\/fortebaterias.com\/site\/wp-content\/uploads\/2020\/11\/estacionarias-bateria-MOURA-300x255.png"}],"twitter_card":"summary_large_image","twitter_site":"@dobateria","twitter_misc":{"Est. tempo de leitura":"3 minutos"},"schema":{"@context":"https:\/\/schema.org","@graph":[{"@type":"WebPage","@id":"https:\/\/fortebaterias.com\/site\/bateria-moura-betim\/","url":"https:\/\/fortebaterias.com\/site\/bateria-moura-betim\/","name":"Bateria Moura Betim - Forte Baterias Loja Oficial","isPartOf":{"@id":"https:\/\/fortebaterias.com\/site\/#website"},"datePublished":"2020-11-23T06:30:13+00:00","dateModified":"2020-11-23T06:30:13+00:00","description":"Parcelamos Sem Juros, Entrega e Instala\u00e7\u00e3o Gr\u00e1tis, Acesse J\u00e1. Somos a Melhor Loja De Bateria De Betim e Regi\u00e3o.","breadcrumb":{"@id":"https:\/\/fortebaterias.com\/site\/bateria-moura-betim\/#breadcrumb"},"inLanguage":"pt-BR","potentialAction":[{"@type":"ReadAction","target":["https:\/\/fortebaterias.com\/site\/bateria-moura-betim\/"]}]},{"@type":"BreadcrumbList","@id":"https:\/\/fortebaterias.com\/site\/bateria-moura-betim\/#breadcrumb","itemListElement":[{"@type":"ListItem","position":1,"name":"In\u00edcio","item":"https:\/\/fortebaterias.com\/site\/"},{"@type":"ListItem","position":2,"name":"Bateria Moura Betim"}]},{"@type":"WebSite","@id":"https:\/\/fortebaterias.com\/site\/#website","url":"https:\/\/fortebaterias.com\/site\/","name":"Forte Baterias Loja Oficial","description":"Loja de Baterias Automotivas, Carros, Motos, Estacionarias, Moura, Heliar e outras","publisher":{"@id":"https:\/\/fortebaterias.com\/site\/#organization"},"potentialAction":[{"@type":"SearchAction","target":{"@type":"EntryPoint","urlTemplate":"https:\/\/fortebaterias.com\/site\/?s={search_term_string}"},"query-input":"required name=search_term_string"}],"inLanguage":"pt-BR"},{"@type":"Organization","@id":"https:\/\/fortebaterias.com\/site\/#organization","name":"Forte Baterias","url":"https:\/\/fortebaterias.com\/site\/","logo":{"@type":"ImageObject","inLanguage":"pt-BR","@id":"https:\/\/fortebaterias.com\/site\/#\/schema\/logo\/image\/","url":"https:\/\/fortebaterias.com\/site\/wp-content\/uploads\/2022\/09\/forte-baterias.png","contentUrl":"https:\/\/fortebaterias.com\/site\/wp-content\/uploads\/2022\/09\/forte-baterias.png","width":434,"height":116,"caption":"Forte Baterias"},"image":{"@id":"https:\/\/fortebaterias.com\/site\/#\/schema\/logo\/image\/"},"sameAs":["https:\/\/www.instagram.com\/fortebateriasoficial\/","https:\/\/www.facebook.com\/bateriasforte\/","https:\/\/twitter.com\/dobateria"]}]}},"_links":{"self":[{"href":"https:\/\/fortebaterias.com\/site\/wp-json\/wp\/v2\/pages\/498","targetHints":{"allow":["GET"]}}],"collection":[{"href":"https:\/\/fortebaterias.com\/site\/wp-json\/wp\/v2\/pages"}],"about":[{"href":"https:\/\/fortebaterias.com\/site\/wp-json\/wp\/v2\/types\/page"}],"author":[{"embeddable":true,"href":"https:\/\/fortebaterias.com\/site\/wp-json\/wp\/v2\/users\/4"}],"replies":[{"embeddable":true,"href":"https:\/\/fortebaterias.com\/site\/wp-json\/wp\/v2\/comments?post=498"}],"version-history":[{"count":0,"href":"https:\/\/fortebaterias.com\/site\/wp-json\/wp\/v2\/pages\/498\/revisions"}],"wp:attachment":[{"href":"https:\/\/fortebaterias.com\/site\/wp-json\/wp\/v2\/media?parent=498"}],"curies":[{"name":"wp","href":"https:\/\/api.w.org\/{rel}","templated":true}]}}