{"id":478,"date":"2020-11-23T01:16:43","date_gmt":"2020-11-23T04:16:43","guid":{"rendered":"http:\/\/fortebaterias.com\/site\/?page_id=326"},"modified":"2020-11-23T01:16:43","modified_gmt":"2020-11-23T04:16:43","slug":"loja-de-baterias-de-carro-em-bh","status":"publish","type":"page","link":"https:\/\/fortebaterias.com\/site\/loja-de-baterias-de-carro-em-bh\/","title":{"rendered":"Loja de Baterias de Carro em BH"},"content":{"rendered":"<p>[et_pb_section bb_built=&#8221;1&#8243;][et_pb_row][et_pb_column type=&#8221;4_4&#8243;][et_pb_text _builder_version=&#8221;3.19.15&#8243; header_text_color=&#8221;#e02b20&#8243; header_font_size=&#8221;40px&#8221;]<\/p>\n<h1>Loja de Baterias de Carro em BH<\/h1>\n<p>[\/et_pb_text][et_pb_text _builder_version=&#8221;3.19.15&#8243;]<\/p>\n<p>Quando o seu ve\u00edculo d\u00e1 sinais de problemas na bateria \u00e9 ent\u00e3o que vem a preocupa\u00e7\u00e3o com a troca por um modelo semelhante ou mais adequado para seu carro. Se voc\u00ea est\u00e1 precisando de uma loja de baterias de carro em BH, ent\u00e3o voc\u00ea conhecer mais sobre os quesitos que voc\u00ea deve considerar na escolha da sua bateria automotiva.<\/p>\n<p><img loading=\"lazy\" decoding=\"async\" class=\"alignnone  wp-image-327\" src=\"http:\/\/fortebaterias.com\/site\/wp-content\/uploads\/2020\/11\/LOJA-bateria-CARRO-BH-300x200.jpg\" alt=\"LOJA-BATERIA-CARRO-BH\" width=\"350\" height=\"233\" \/><\/p>\n<h3><strong>Qual a melhor bateria de carro?<\/strong><\/h3>\n<p>N\u00e3o importa se voc\u00ea tem a melhor bateria automotiva e faz a manuten\u00e7\u00e3o do religiosamente porque, eventualmente, a bateria ir\u00e1 falhar algum dia. H\u00e1 uma grande chance de voc\u00ea precisar substituir a bateria uma ou duas vezes durante a vida \u00fatil do seu ve\u00edculo, mas lembre-se de que quanto melhor for \u00e0 qualidade da bateria, mais tempo ela durar\u00e1.<\/p>\n<h3><strong>Onde encontrar uma loja de baterias de carro em BH?<\/strong><\/h3>\n<p>Voc\u00ea pode optar por trocar a bateria em uma oficina mec\u00e2nica ou em uma auto el\u00e9trica de sua confian\u00e7a.<\/p>\n<p>As baterias tamb\u00e9m podem ser compradas em lojas de autope\u00e7as, geralmente com descontos maiores que quando obtidas em oficinas mec\u00e2nicas.<\/p>\n<p>Outra op\u00e7\u00e3o, que tem \u00e9 bastante popular nesta \u00e9poca de delivery, \u00e9 a compra de baterias de carros pela internet. Al\u00e9m do conforto de receber o produto em sua casa, voc\u00ea tem toda a facilidade e promo\u00e7\u00f5es das compras online.<\/p>\n<p>Voc\u00ea pode encontrar diversos modelos de bateria de carro em sites, como Amazon, Mercado Livre, Walmart, Americanas, Magazine Luiza e outros.<\/p>\n<h3><strong>O que considerar quando comprar uma bateria automotiva em BH?<\/strong><\/h3>\n<p>\u00c9 muito importante que a bateria do seu ve\u00edculo seja escolhida de acordo com as especifica\u00e7\u00f5es que est\u00e3o no manual do carro. Afinal, voc\u00ea deve escolher o melhor produto para que n\u00e3o fique na m\u00e3o. Considere itens como:<\/p>\n<ul>\n<li><strong>Capacidade de carga<\/strong><\/li>\n<\/ul>\n<p>A capacidade de carga \u00e9 fornecida numa medida chamada de ampere-hora, abreviada usualmente por \u201cAh\u201d.<\/p>\n<p>Geralmente, a capacidade utilizada na maioria das baterias automotivas varia entre 40 e 80 Ah. Ve\u00edculos maiores, como caminh\u00f5es e \u00f4nibus, possuem valores cerca de 100 Ah.<\/p>\n<p>\u00a0<\/p>\n<p>A capacidade de carga \u00e9 importante para os carros que permanecem grandes per\u00edodos sem uso. Assim, a bateria vai descarregando aos poucos e pode ser recarregada quando for utilizada.<\/p>\n<ul>\n<li><strong>Tamanho<\/strong><\/li>\n<\/ul>\n<p>Algumas baterias podem ser utilizadas em diversos carros, de tamanhos e modelos diferentes, mas nem todas as baterias possuem o mesmo tamanho.<\/p>\n<p>Carros de porte maior utilizam baterias com maior capacidade el\u00e9trica e tamb\u00e9m com maiores dimens\u00f5es. Dependendo da marca \u00e9 poss\u00edvel encontrar baterias da mesma capacidade, mas em tamanhos diferentes.<\/p>\n<ul>\n<li><strong>CCA-Corrente de Arranque a frio<\/strong><\/li>\n<\/ul>\n<p>O valor da medida \u00e9 padronizado e a bateria deve fornecer pelo menos 7,2 Volts por 30 segundos em uma temperatura de -18\u00baC. O valor de CCA \u00e9 sempre avaliado em Amp\u00e8res (abreviado por \u201cA\u201d) e depende das dimens\u00f5es da bateria.<\/p>\n<ul>\n<li><strong>Quantidade de corrente que a bateria pode fornecer (HCA)<\/strong><\/li>\n<\/ul>\n<p>\u00c9 realizada a medi\u00e7\u00e3o com a bateria em temperatura de 26,7\u00ba C. O termo HCA \u00e9 a abrevia\u00e7\u00e3o de hot cranking ampere, express\u00e3o que significa corrente de partida quente.<\/p>\n<ul>\n<li><strong>Posi\u00e7\u00e3o dos polos<\/strong><\/li>\n<\/ul>\n<p>Toda bateria possui o polo negativo e o polo positivo. O positivo, na maioria das vezes, \u00e9 indicado pela cor vermelha e o negativo (terra) pela cor preta.<\/p>\n<p>H\u00e1 baterias em que o polo positivo e o negativo s\u00e3o posicionados diferentemente. Em alguns casos, o positivo est\u00e1 na direita da bateria e em outros na esquerda.<\/p>\n<ul>\n<li><strong>Selada<\/strong><\/li>\n<\/ul>\n<p>As baterias mais antigas necessitavam de adi\u00e7\u00e3o de \u00e1gua de tempos em tempos. Ultimamente, o mercado tem migrado para as baterias seladas. Se a sua bateria for selada, voc\u00ea n\u00e3o precisa reabastecer com \u00e1gua periodicamente e nem fazer nenhum outro tipo de manuten\u00e7\u00e3o durante toda a vida \u00fatil dela.<\/p>\n<ul>\n<li><strong>Sistema sonoro, DVD ou Neon<\/strong><\/li>\n<\/ul>\n<p>Esses sistemas precisam de muita energia para funcionar bem e demandam muito mais da bateria do que o previsto pelo fabricante.<\/p>\n<p>Caso o seu ve\u00edculo possua algum desses sistemas, pode ser necess\u00e1rio elevar a capacidade da bateria ou instalar uma segunda bateria. Desse modo, sempre verifique a pot\u00eancia e a capacidade de carga da bateria recomendada no manual dos sistemas.<\/p>\n<ul>\n<li><strong>Sistema star-stop<\/strong><\/li>\n<\/ul>\n<p>O sistema start-stop necessita de uma bateria especial, pois este sistema desliga o motor sempre que voc\u00ea para num sem\u00e1foro, por exemplo, para diminuir a utiliza\u00e7\u00e3o de combust\u00edvel.<\/p>\n<p>A bateria automotiva para carros com sistema start-stop \u00e9 um produto diferenciado. Ela \u00e9 capaz de recarregar mais r\u00e1pido e por mais vezes sem comprometer a vida \u00fatil da bateria. Geralmente seu pre\u00e7o \u00e9 mais elevado do que os modelos tradicionais.<\/p>\n<ul>\n<li><strong>Garantia e data de fabrica\u00e7\u00e3o<\/strong><\/li>\n<\/ul>\n<p>A bateria precisa possuir obrigatoriamente o selo de garantia do Inmetro. Alguns fabricantes garantem at\u00e9 dois anos as suas baterias e nesse per\u00edodo de prote\u00e7\u00e3o a reposi\u00e7\u00e3o da pe\u00e7a \u00e9 gratuita.<\/p>\n<p>A data de fabrica\u00e7\u00e3o tamb\u00e9m \u00e9 muito importante, pois nenhuma bateria deve ser comprada se tiver sido fabricada a mais de 04 meses pois o tempo prejudica a sua carga.<\/p>\n<p><img loading=\"lazy\" decoding=\"async\" class=\"alignnone  wp-image-328\" src=\"http:\/\/fortebaterias.com\/site\/wp-content\/uploads\/2020\/11\/loja-de-bateria-de-carro-BH-300x253.png\" alt=\"loja-de-bateria-de-carro-BH\" width=\"349\" height=\"294\" \/><\/p>\n<p>[\/et_pb_text][et_pb_button _builder_version=&#8221;3.19.15&#8243; button_text=&#8221;Fale Conosco&#8221; button_url=&#8221;https:\/\/whats.link\/fortebaterias&#8221; \/][\/et_pb_column][\/et_pb_row][\/et_pb_section]<\/p>\n","protected":false},"excerpt":{"rendered":"<p>[et_pb_section bb_built=&#8221;1&#8243;][et_pb_row][et_pb_column type=&#8221;4_4&#8243;][et_pb_text _builder_version=&#8221;3.19.15&#8243; header_text_color=&#8221;#e02b20&#8243; header_font_size=&#8221;40px&#8221;] Loja de Baterias de Carro em BH [\/et_pb_text][et_pb_text _builder_version=&#8221;3.19.15&#8243;] Quando o seu ve\u00edculo d\u00e1 sinais de problemas na bateria \u00e9 ent\u00e3o que vem a preocupa\u00e7\u00e3o com a troca por um modelo semelhante ou mais adequado para seu carro. Se voc\u00ea est\u00e1 precisando de uma loja de baterias de carro [&hellip;]<\/p>\n","protected":false},"author":4,"featured_media":0,"parent":0,"menu_order":0,"comment_status":"closed","ping_status":"closed","template":"","meta":{"footnotes":""},"class_list":["post-478","page","type-page","status-publish","hentry"],"yoast_head":"<!-- This site is optimized with the Yoast SEO plugin v19.9 - https:\/\/yoast.com\/wordpress\/plugins\/seo\/ -->\n<title>Loja de Baterias de Carro em BH - Forte Baterias Loja Oficial<\/title>\n<meta name=\"description\" content=\"A Forte Baterias tem as melhores marcas. Entregamos na hora para toda grande BH. Baterias de todas as marcas, entrega imediata. Confira.\" \/>\n<meta name=\"robots\" content=\"index, follow, max-snippet:-1, max-image-preview:large, max-video-preview:-1\" \/>\n<link rel=\"canonical\" href=\"https:\/\/fortebaterias.com\/site\/loja-de-baterias-de-carro-em-bh\/\" \/>\n<meta property=\"og:locale\" content=\"pt_BR\" \/>\n<meta property=\"og:type\" content=\"article\" \/>\n<meta property=\"og:title\" content=\"Loja de Baterias de Carro em BH - Forte Baterias Loja Oficial\" \/>\n<meta property=\"og:description\" content=\"A Forte Baterias tem as melhores marcas. Entregamos na hora para toda grande BH. Baterias de todas as marcas, entrega imediata. Confira.\" \/>\n<meta property=\"og:url\" content=\"https:\/\/fortebaterias.com\/site\/loja-de-baterias-de-carro-em-bh\/\" \/>\n<meta property=\"og:site_name\" content=\"Forte Baterias Loja Oficial\" \/>\n<meta property=\"article:publisher\" content=\"https:\/\/www.facebook.com\/bateriasforte\/\" \/>\n<meta property=\"og:image\" content=\"http:\/\/fortebaterias.com\/site\/wp-content\/uploads\/2020\/11\/LOJA-bateria-CARRO-BH-300x200.jpg\" \/>\n<meta name=\"twitter:card\" content=\"summary_large_image\" \/>\n<meta name=\"twitter:site\" content=\"@dobateria\" \/>\n<meta name=\"twitter:label1\" content=\"Est. tempo de leitura\" \/>\n\t<meta name=\"twitter:data1\" content=\"4 minutos\" \/>\n<script type=\"application\/ld+json\" class=\"yoast-schema-graph\">{\"@context\":\"https:\/\/schema.org\",\"@graph\":[{\"@type\":\"WebPage\",\"@id\":\"https:\/\/fortebaterias.com\/site\/loja-de-baterias-de-carro-em-bh\/\",\"url\":\"https:\/\/fortebaterias.com\/site\/loja-de-baterias-de-carro-em-bh\/\",\"name\":\"Loja de Baterias de Carro em BH - Forte Baterias Loja Oficial\",\"isPartOf\":{\"@id\":\"https:\/\/fortebaterias.com\/site\/#website\"},\"datePublished\":\"2020-11-23T04:16:43+00:00\",\"dateModified\":\"2020-11-23T04:16:43+00:00\",\"description\":\"A Forte Baterias tem as melhores marcas. Entregamos na hora para toda grande BH. Baterias de todas as marcas, entrega imediata. Confira.\",\"breadcrumb\":{\"@id\":\"https:\/\/fortebaterias.com\/site\/loja-de-baterias-de-carro-em-bh\/#breadcrumb\"},\"inLanguage\":\"pt-BR\",\"potentialAction\":[{\"@type\":\"ReadAction\",\"target\":[\"https:\/\/fortebaterias.com\/site\/loja-de-baterias-de-carro-em-bh\/\"]}]},{\"@type\":\"BreadcrumbList\",\"@id\":\"https:\/\/fortebaterias.com\/site\/loja-de-baterias-de-carro-em-bh\/#breadcrumb\",\"itemListElement\":[{\"@type\":\"ListItem\",\"position\":1,\"name\":\"In\u00edcio\",\"item\":\"https:\/\/fortebaterias.com\/site\/\"},{\"@type\":\"ListItem\",\"position\":2,\"name\":\"Loja de Baterias de Carro em BH\"}]},{\"@type\":\"WebSite\",\"@id\":\"https:\/\/fortebaterias.com\/site\/#website\",\"url\":\"https:\/\/fortebaterias.com\/site\/\",\"name\":\"Forte Baterias Loja Oficial\",\"description\":\"Loja de Baterias Automotivas, Carros, Motos, Estacionarias, Moura, Heliar e outras\",\"publisher\":{\"@id\":\"https:\/\/fortebaterias.com\/site\/#organization\"},\"potentialAction\":[{\"@type\":\"SearchAction\",\"target\":{\"@type\":\"EntryPoint\",\"urlTemplate\":\"https:\/\/fortebaterias.com\/site\/?s={search_term_string}\"},\"query-input\":\"required name=search_term_string\"}],\"inLanguage\":\"pt-BR\"},{\"@type\":\"Organization\",\"@id\":\"https:\/\/fortebaterias.com\/site\/#organization\",\"name\":\"Forte Baterias\",\"url\":\"https:\/\/fortebaterias.com\/site\/\",\"logo\":{\"@type\":\"ImageObject\",\"inLanguage\":\"pt-BR\",\"@id\":\"https:\/\/fortebaterias.com\/site\/#\/schema\/logo\/image\/\",\"url\":\"https:\/\/fortebaterias.com\/site\/wp-content\/uploads\/2022\/09\/forte-baterias.png\",\"contentUrl\":\"https:\/\/fortebaterias.com\/site\/wp-content\/uploads\/2022\/09\/forte-baterias.png\",\"width\":434,\"height\":116,\"caption\":\"Forte Baterias\"},\"image\":{\"@id\":\"https:\/\/fortebaterias.com\/site\/#\/schema\/logo\/image\/\"},\"sameAs\":[\"https:\/\/www.instagram.com\/fortebateriasoficial\/\",\"https:\/\/www.facebook.com\/bateriasforte\/\",\"https:\/\/twitter.com\/dobateria\"]}]}<\/script>\n<!-- \/ Yoast SEO plugin. -->","yoast_head_json":{"title":"Loja de Baterias de Carro em BH - Forte Baterias Loja Oficial","description":"A Forte Baterias tem as melhores marcas. Entregamos na hora para toda grande BH. Baterias de todas as marcas, entrega imediata. Confira.","robots":{"index":"index","follow":"follow","max-snippet":"max-snippet:-1","max-image-preview":"max-image-preview:large","max-video-preview":"max-video-preview:-1"},"canonical":"https:\/\/fortebaterias.com\/site\/loja-de-baterias-de-carro-em-bh\/","og_locale":"pt_BR","og_type":"article","og_title":"Loja de Baterias de Carro em BH - Forte Baterias Loja Oficial","og_description":"A Forte Baterias tem as melhores marcas. Entregamos na hora para toda grande BH. Baterias de todas as marcas, entrega imediata. Confira.","og_url":"https:\/\/fortebaterias.com\/site\/loja-de-baterias-de-carro-em-bh\/","og_site_name":"Forte Baterias Loja Oficial","article_publisher":"https:\/\/www.facebook.com\/bateriasforte\/","og_image":[{"url":"http:\/\/fortebaterias.com\/site\/wp-content\/uploads\/2020\/11\/LOJA-bateria-CARRO-BH-300x200.jpg"}],"twitter_card":"summary_large_image","twitter_site":"@dobateria","twitter_misc":{"Est. tempo de leitura":"4 minutos"},"schema":{"@context":"https:\/\/schema.org","@graph":[{"@type":"WebPage","@id":"https:\/\/fortebaterias.com\/site\/loja-de-baterias-de-carro-em-bh\/","url":"https:\/\/fortebaterias.com\/site\/loja-de-baterias-de-carro-em-bh\/","name":"Loja de Baterias de Carro em BH - Forte Baterias Loja Oficial","isPartOf":{"@id":"https:\/\/fortebaterias.com\/site\/#website"},"datePublished":"2020-11-23T04:16:43+00:00","dateModified":"2020-11-23T04:16:43+00:00","description":"A Forte Baterias tem as melhores marcas. Entregamos na hora para toda grande BH. Baterias de todas as marcas, entrega imediata. Confira.","breadcrumb":{"@id":"https:\/\/fortebaterias.com\/site\/loja-de-baterias-de-carro-em-bh\/#breadcrumb"},"inLanguage":"pt-BR","potentialAction":[{"@type":"ReadAction","target":["https:\/\/fortebaterias.com\/site\/loja-de-baterias-de-carro-em-bh\/"]}]},{"@type":"BreadcrumbList","@id":"https:\/\/fortebaterias.com\/site\/loja-de-baterias-de-carro-em-bh\/#breadcrumb","itemListElement":[{"@type":"ListItem","position":1,"name":"In\u00edcio","item":"https:\/\/fortebaterias.com\/site\/"},{"@type":"ListItem","position":2,"name":"Loja de Baterias de Carro em BH"}]},{"@type":"WebSite","@id":"https:\/\/fortebaterias.com\/site\/#website","url":"https:\/\/fortebaterias.com\/site\/","name":"Forte Baterias Loja Oficial","description":"Loja de Baterias Automotivas, Carros, Motos, Estacionarias, Moura, Heliar e outras","publisher":{"@id":"https:\/\/fortebaterias.com\/site\/#organization"},"potentialAction":[{"@type":"SearchAction","target":{"@type":"EntryPoint","urlTemplate":"https:\/\/fortebaterias.com\/site\/?s={search_term_string}"},"query-input":"required name=search_term_string"}],"inLanguage":"pt-BR"},{"@type":"Organization","@id":"https:\/\/fortebaterias.com\/site\/#organization","name":"Forte Baterias","url":"https:\/\/fortebaterias.com\/site\/","logo":{"@type":"ImageObject","inLanguage":"pt-BR","@id":"https:\/\/fortebaterias.com\/site\/#\/schema\/logo\/image\/","url":"https:\/\/fortebaterias.com\/site\/wp-content\/uploads\/2022\/09\/forte-baterias.png","contentUrl":"https:\/\/fortebaterias.com\/site\/wp-content\/uploads\/2022\/09\/forte-baterias.png","width":434,"height":116,"caption":"Forte Baterias"},"image":{"@id":"https:\/\/fortebaterias.com\/site\/#\/schema\/logo\/image\/"},"sameAs":["https:\/\/www.instagram.com\/fortebateriasoficial\/","https:\/\/www.facebook.com\/bateriasforte\/","https:\/\/twitter.com\/dobateria"]}]}},"_links":{"self":[{"href":"https:\/\/fortebaterias.com\/site\/wp-json\/wp\/v2\/pages\/478","targetHints":{"allow":["GET"]}}],"collection":[{"href":"https:\/\/fortebaterias.com\/site\/wp-json\/wp\/v2\/pages"}],"about":[{"href":"https:\/\/fortebaterias.com\/site\/wp-json\/wp\/v2\/types\/page"}],"author":[{"embeddable":true,"href":"https:\/\/fortebaterias.com\/site\/wp-json\/wp\/v2\/users\/4"}],"replies":[{"embeddable":true,"href":"https:\/\/fortebaterias.com\/site\/wp-json\/wp\/v2\/comments?post=478"}],"version-history":[{"count":0,"href":"https:\/\/fortebaterias.com\/site\/wp-json\/wp\/v2\/pages\/478\/revisions"}],"wp:attachment":[{"href":"https:\/\/fortebaterias.com\/site\/wp-json\/wp\/v2\/media?parent=478"}],"curies":[{"name":"wp","href":"https:\/\/api.w.org\/{rel}","templated":true}]}}