{"id":281,"date":"2022-05-12T20:50:58","date_gmt":"2022-05-12T20:50:58","guid":{"rendered":"https:\/\/fortebaterias.com\/site\/?page_id=281"},"modified":"2022-05-12T20:57:52","modified_gmt":"2022-05-12T20:57:52","slug":"quem-somos","status":"publish","type":"page","link":"https:\/\/fortebaterias.com\/site\/quem-somos\/","title":{"rendered":"Quem Somos"},"content":{"rendered":"\t\t<div data-elementor-type=\"wp-page\" data-elementor-id=\"281\" class=\"elementor elementor-281\">\n\t\t\t\t\t\t\t\t\t<section class=\"elementor-section elementor-top-section elementor-element elementor-element-7ee1ec0 elementor-section-height-min-height elementor-section-boxed elementor-section-height-default elementor-section-items-middle\" data-id=\"7ee1ec0\" data-element_type=\"section\" data-settings=\"{&quot;background_background&quot;:&quot;classic&quot;,&quot;shape_divider_bottom&quot;:&quot;tilt&quot;}\">\n\t\t\t\t\t<div class=\"elementor-shape elementor-shape-bottom\" data-negative=\"false\">\n\t\t\t<svg xmlns=\"http:\/\/www.w3.org\/2000\/svg\" viewBox=\"0 0 1000 100\" preserveAspectRatio=\"none\">\n\t<path class=\"elementor-shape-fill\" d=\"M0,6V0h1000v100L0,6z\"\/>\n<\/svg>\t\t<\/div>\n\t\t\t\t\t<div class=\"elementor-container elementor-column-gap-default\">\n\t\t\t\t\t<div class=\"elementor-column elementor-col-100 elementor-top-column elementor-element elementor-element-e1283c6\" data-id=\"e1283c6\" data-element_type=\"column\">\n\t\t\t<div class=\"elementor-widget-wrap elementor-element-populated\">\n\t\t\t\t\t\t\t\t<div class=\"elementor-element elementor-element-5bdd755 elementor-widget elementor-widget-heading\" data-id=\"5bdd755\" data-element_type=\"widget\" data-widget_type=\"heading.default\">\n\t\t\t\t<div class=\"elementor-widget-container\">\n\t\t\t<style>\/*! elementor - v3.7.8 - 02-10-2022 *\/\n.elementor-heading-title{padding:0;margin:0;line-height:1}.elementor-widget-heading .elementor-heading-title[class*=elementor-size-]>a{color:inherit;font-size:inherit;line-height:inherit}.elementor-widget-heading .elementor-heading-title.elementor-size-small{font-size:15px}.elementor-widget-heading .elementor-heading-title.elementor-size-medium{font-size:19px}.elementor-widget-heading .elementor-heading-title.elementor-size-large{font-size:29px}.elementor-widget-heading .elementor-heading-title.elementor-size-xl{font-size:39px}.elementor-widget-heading .elementor-heading-title.elementor-size-xxl{font-size:59px}<\/style><h2 class=\"elementor-heading-title elementor-size-default\">Quem Somos<\/h2>\t\t<\/div>\n\t\t\t\t<\/div>\n\t\t\t\t\t<\/div>\n\t\t<\/div>\n\t\t\t\t\t\t\t<\/div>\n\t\t<\/section>\n\t\t\t\t<section class=\"elementor-section elementor-top-section elementor-element elementor-element-a8a2d27 elementor-section-boxed elementor-section-height-default elementor-section-height-default\" data-id=\"a8a2d27\" data-element_type=\"section\">\n\t\t\t\t\t\t<div class=\"elementor-container elementor-column-gap-default\">\n\t\t\t\t\t<div class=\"elementor-column elementor-col-50 elementor-top-column elementor-element elementor-element-8f23b81\" data-id=\"8f23b81\" data-element_type=\"column\">\n\t\t\t<div class=\"elementor-widget-wrap elementor-element-populated\">\n\t\t\t\t\t\t\t\t<div class=\"elementor-element elementor-element-dd28b66 elementor-widget elementor-widget-heading\" data-id=\"dd28b66\" data-element_type=\"widget\" data-widget_type=\"heading.default\">\n\t\t\t\t<div class=\"elementor-widget-container\">\n\t\t\t<h2 class=\"elementor-heading-title elementor-size-default\">Nosso objetivo \u00e9 oferecer o que h\u00e1 de melhor em tecnologia, tanto para pessoa f\u00edsica ou jur\u00eddica, e agregar valor aos mais variados seguimentos profissionais como: revendedores, sindicatos, cooperativas, condom\u00ednios, associa\u00e7\u00f5es, \u00f3rg\u00e3os p\u00fablicos e privados. \n<br><br>\nA nossa empresa tem o compromisso em honrar com aqueles que firmam uma alian\u00e7a e um relacionamento em que ambos s\u00f3 tenham a desfrutar. Seguran\u00e7a e confiabilidade na hora da entrega, na instala\u00e7\u00e3o e no acesso a sua empresa. Funcion\u00e1rios identificados por credenciais e de responsabilidade do nosso grupo. Cadastre-se j\u00e1 e aproveite as super vantagens para a sua empresa e associados. <\/h2>\t\t<\/div>\n\t\t\t\t<\/div>\n\t\t\t\t\t<\/div>\n\t\t<\/div>\n\t\t\t\t<div class=\"elementor-column elementor-col-50 elementor-top-column elementor-element elementor-element-2ca532f\" data-id=\"2ca532f\" data-element_type=\"column\">\n\t\t\t<div class=\"elementor-widget-wrap elementor-element-populated\">\n\t\t\t\t\t\t\t\t<div class=\"elementor-element elementor-element-b234fe0 elementor-widget elementor-widget-image\" data-id=\"b234fe0\" data-element_type=\"widget\" data-widget_type=\"image.default\">\n\t\t\t\t<div class=\"elementor-widget-container\">\n\t\t\t<style>\/*! elementor - v3.7.8 - 02-10-2022 *\/\n.elementor-widget-image{text-align:center}.elementor-widget-image a{display:inline-block}.elementor-widget-image a img[src$=\".svg\"]{width:48px}.elementor-widget-image img{vertical-align:middle;display:inline-block}<\/style>\t\t\t\t\t\t\t\t\t\t\t\t<img loading=\"lazy\" decoding=\"async\" width=\"700\" height=\"300\" src=\"https:\/\/fortebaterias.com\/site\/wp-content\/uploads\/2022\/05\/Revisao-do-carro.jpg\" class=\"attachment-large size-large\" alt=\"\" srcset=\"https:\/\/fortebaterias.com\/site\/wp-content\/uploads\/2022\/05\/Revisao-do-carro.jpg 700w, https:\/\/fortebaterias.com\/site\/wp-content\/uploads\/2022\/05\/Revisao-do-carro-300x129.jpg 300w\" sizes=\"auto, (max-width: 700px) 100vw, 700px\" \/>\t\t\t\t\t\t\t\t\t\t\t\t\t\t\t<\/div>\n\t\t\t\t<\/div>\n\t\t\t\t\t<\/div>\n\t\t<\/div>\n\t\t\t\t\t\t\t<\/div>\n\t\t<\/section>\n\t\t\t\t\t\t\t<\/div>\n\t\t","protected":false},"excerpt":{"rendered":"<p>Quem Somos Nosso objetivo \u00e9 oferecer o que h\u00e1 de melhor em tecnologia, tanto para pessoa f\u00edsica ou jur\u00eddica, e agregar valor aos mais variados seguimentos profissionais como: revendedores, sindicatos, cooperativas, condom\u00ednios, associa\u00e7\u00f5es, \u00f3rg\u00e3os p\u00fablicos e privados. A nossa empresa tem o compromisso em honrar com aqueles que firmam uma alian\u00e7a e um relacionamento em [&hellip;]<\/p>\n","protected":false},"author":1,"featured_media":0,"parent":0,"menu_order":0,"comment_status":"closed","ping_status":"closed","template":"elementor_header_footer","meta":{"footnotes":""},"class_list":["post-281","page","type-page","status-publish","hentry"],"yoast_head":"<!-- This site is optimized with the Yoast SEO plugin v19.9 - https:\/\/yoast.com\/wordpress\/plugins\/seo\/ -->\n<title>Quem Somos - Forte Baterias Loja Oficial<\/title>\n<meta name=\"robots\" content=\"index, follow, max-snippet:-1, max-image-preview:large, max-video-preview:-1\" \/>\n<link rel=\"canonical\" href=\"https:\/\/fortebaterias.com\/site\/quem-somos\/\" \/>\n<meta property=\"og:locale\" content=\"pt_BR\" \/>\n<meta property=\"og:type\" content=\"article\" \/>\n<meta property=\"og:title\" content=\"Quem Somos - Forte Baterias Loja Oficial\" \/>\n<meta property=\"og:description\" content=\"Quem Somos Nosso objetivo \u00e9 oferecer o que h\u00e1 de melhor em tecnologia, tanto para pessoa f\u00edsica ou jur\u00eddica, e agregar valor aos mais variados seguimentos profissionais como: revendedores, sindicatos, cooperativas, condom\u00ednios, associa\u00e7\u00f5es, \u00f3rg\u00e3os p\u00fablicos e privados. A nossa empresa tem o compromisso em honrar com aqueles que firmam uma alian\u00e7a e um relacionamento em [&hellip;]\" \/>\n<meta property=\"og:url\" content=\"https:\/\/fortebaterias.com\/site\/quem-somos\/\" \/>\n<meta property=\"og:site_name\" content=\"Forte Baterias Loja Oficial\" \/>\n<meta property=\"article:publisher\" content=\"https:\/\/www.facebook.com\/bateriasforte\/\" \/>\n<meta property=\"article:modified_time\" content=\"2022-05-12T20:57:52+00:00\" \/>\n<meta property=\"og:image\" content=\"https:\/\/fortebaterias.com\/site\/wp-content\/uploads\/2022\/05\/Revisao-do-carro.jpg\" \/>\n<meta name=\"twitter:card\" content=\"summary_large_image\" \/>\n<meta name=\"twitter:site\" content=\"@dobateria\" \/>\n<meta name=\"twitter:label1\" content=\"Est. tempo de leitura\" \/>\n\t<meta name=\"twitter:data1\" content=\"1 minuto\" \/>\n<script type=\"application\/ld+json\" class=\"yoast-schema-graph\">{\"@context\":\"https:\/\/schema.org\",\"@graph\":[{\"@type\":\"WebPage\",\"@id\":\"https:\/\/fortebaterias.com\/site\/quem-somos\/\",\"url\":\"https:\/\/fortebaterias.com\/site\/quem-somos\/\",\"name\":\"Quem Somos - Forte Baterias Loja Oficial\",\"isPartOf\":{\"@id\":\"https:\/\/fortebaterias.com\/site\/#website\"},\"datePublished\":\"2022-05-12T20:50:58+00:00\",\"dateModified\":\"2022-05-12T20:57:52+00:00\",\"breadcrumb\":{\"@id\":\"https:\/\/fortebaterias.com\/site\/quem-somos\/#breadcrumb\"},\"inLanguage\":\"pt-BR\",\"potentialAction\":[{\"@type\":\"ReadAction\",\"target\":[\"https:\/\/fortebaterias.com\/site\/quem-somos\/\"]}]},{\"@type\":\"BreadcrumbList\",\"@id\":\"https:\/\/fortebaterias.com\/site\/quem-somos\/#breadcrumb\",\"itemListElement\":[{\"@type\":\"ListItem\",\"position\":1,\"name\":\"In\u00edcio\",\"item\":\"https:\/\/fortebaterias.com\/site\/\"},{\"@type\":\"ListItem\",\"position\":2,\"name\":\"Quem Somos\"}]},{\"@type\":\"WebSite\",\"@id\":\"https:\/\/fortebaterias.com\/site\/#website\",\"url\":\"https:\/\/fortebaterias.com\/site\/\",\"name\":\"Forte Baterias Loja Oficial\",\"description\":\"Loja de Baterias Automotivas, Carros, Motos, Estacionarias, Moura, Heliar e outras\",\"publisher\":{\"@id\":\"https:\/\/fortebaterias.com\/site\/#organization\"},\"potentialAction\":[{\"@type\":\"SearchAction\",\"target\":{\"@type\":\"EntryPoint\",\"urlTemplate\":\"https:\/\/fortebaterias.com\/site\/?s={search_term_string}\"},\"query-input\":\"required name=search_term_string\"}],\"inLanguage\":\"pt-BR\"},{\"@type\":\"Organization\",\"@id\":\"https:\/\/fortebaterias.com\/site\/#organization\",\"name\":\"Forte Baterias\",\"url\":\"https:\/\/fortebaterias.com\/site\/\",\"logo\":{\"@type\":\"ImageObject\",\"inLanguage\":\"pt-BR\",\"@id\":\"https:\/\/fortebaterias.com\/site\/#\/schema\/logo\/image\/\",\"url\":\"https:\/\/fortebaterias.com\/site\/wp-content\/uploads\/2022\/09\/forte-baterias.png\",\"contentUrl\":\"https:\/\/fortebaterias.com\/site\/wp-content\/uploads\/2022\/09\/forte-baterias.png\",\"width\":434,\"height\":116,\"caption\":\"Forte Baterias\"},\"image\":{\"@id\":\"https:\/\/fortebaterias.com\/site\/#\/schema\/logo\/image\/\"},\"sameAs\":[\"https:\/\/www.instagram.com\/fortebateriasoficial\/\",\"https:\/\/www.facebook.com\/bateriasforte\/\",\"https:\/\/twitter.com\/dobateria\"]}]}<\/script>\n<!-- \/ Yoast SEO plugin. -->","yoast_head_json":{"title":"Quem Somos - Forte Baterias Loja Oficial","robots":{"index":"index","follow":"follow","max-snippet":"max-snippet:-1","max-image-preview":"max-image-preview:large","max-video-preview":"max-video-preview:-1"},"canonical":"https:\/\/fortebaterias.com\/site\/quem-somos\/","og_locale":"pt_BR","og_type":"article","og_title":"Quem Somos - Forte Baterias Loja Oficial","og_description":"Quem Somos Nosso objetivo \u00e9 oferecer o que h\u00e1 de melhor em tecnologia, tanto para pessoa f\u00edsica ou jur\u00eddica, e agregar valor aos mais variados seguimentos profissionais como: revendedores, sindicatos, cooperativas, condom\u00ednios, associa\u00e7\u00f5es, \u00f3rg\u00e3os p\u00fablicos e privados. A nossa empresa tem o compromisso em honrar com aqueles que firmam uma alian\u00e7a e um relacionamento em [&hellip;]","og_url":"https:\/\/fortebaterias.com\/site\/quem-somos\/","og_site_name":"Forte Baterias Loja Oficial","article_publisher":"https:\/\/www.facebook.com\/bateriasforte\/","article_modified_time":"2022-05-12T20:57:52+00:00","og_image":[{"url":"https:\/\/fortebaterias.com\/site\/wp-content\/uploads\/2022\/05\/Revisao-do-carro.jpg"}],"twitter_card":"summary_large_image","twitter_site":"@dobateria","twitter_misc":{"Est. tempo de leitura":"1 minuto"},"schema":{"@context":"https:\/\/schema.org","@graph":[{"@type":"WebPage","@id":"https:\/\/fortebaterias.com\/site\/quem-somos\/","url":"https:\/\/fortebaterias.com\/site\/quem-somos\/","name":"Quem Somos - Forte Baterias Loja Oficial","isPartOf":{"@id":"https:\/\/fortebaterias.com\/site\/#website"},"datePublished":"2022-05-12T20:50:58+00:00","dateModified":"2022-05-12T20:57:52+00:00","breadcrumb":{"@id":"https:\/\/fortebaterias.com\/site\/quem-somos\/#breadcrumb"},"inLanguage":"pt-BR","potentialAction":[{"@type":"ReadAction","target":["https:\/\/fortebaterias.com\/site\/quem-somos\/"]}]},{"@type":"BreadcrumbList","@id":"https:\/\/fortebaterias.com\/site\/quem-somos\/#breadcrumb","itemListElement":[{"@type":"ListItem","position":1,"name":"In\u00edcio","item":"https:\/\/fortebaterias.com\/site\/"},{"@type":"ListItem","position":2,"name":"Quem Somos"}]},{"@type":"WebSite","@id":"https:\/\/fortebaterias.com\/site\/#website","url":"https:\/\/fortebaterias.com\/site\/","name":"Forte Baterias Loja Oficial","description":"Loja de Baterias Automotivas, Carros, Motos, Estacionarias, Moura, Heliar e outras","publisher":{"@id":"https:\/\/fortebaterias.com\/site\/#organization"},"potentialAction":[{"@type":"SearchAction","target":{"@type":"EntryPoint","urlTemplate":"https:\/\/fortebaterias.com\/site\/?s={search_term_string}"},"query-input":"required name=search_term_string"}],"inLanguage":"pt-BR"},{"@type":"Organization","@id":"https:\/\/fortebaterias.com\/site\/#organization","name":"Forte Baterias","url":"https:\/\/fortebaterias.com\/site\/","logo":{"@type":"ImageObject","inLanguage":"pt-BR","@id":"https:\/\/fortebaterias.com\/site\/#\/schema\/logo\/image\/","url":"https:\/\/fortebaterias.com\/site\/wp-content\/uploads\/2022\/09\/forte-baterias.png","contentUrl":"https:\/\/fortebaterias.com\/site\/wp-content\/uploads\/2022\/09\/forte-baterias.png","width":434,"height":116,"caption":"Forte Baterias"},"image":{"@id":"https:\/\/fortebaterias.com\/site\/#\/schema\/logo\/image\/"},"sameAs":["https:\/\/www.instagram.com\/fortebateriasoficial\/","https:\/\/www.facebook.com\/bateriasforte\/","https:\/\/twitter.com\/dobateria"]}]}},"_links":{"self":[{"href":"https:\/\/fortebaterias.com\/site\/wp-json\/wp\/v2\/pages\/281","targetHints":{"allow":["GET"]}}],"collection":[{"href":"https:\/\/fortebaterias.com\/site\/wp-json\/wp\/v2\/pages"}],"about":[{"href":"https:\/\/fortebaterias.com\/site\/wp-json\/wp\/v2\/types\/page"}],"author":[{"embeddable":true,"href":"https:\/\/fortebaterias.com\/site\/wp-json\/wp\/v2\/users\/1"}],"replies":[{"embeddable":true,"href":"https:\/\/fortebaterias.com\/site\/wp-json\/wp\/v2\/comments?post=281"}],"version-history":[{"count":4,"href":"https:\/\/fortebaterias.com\/site\/wp-json\/wp\/v2\/pages\/281\/revisions"}],"predecessor-version":[{"id":287,"href":"https:\/\/fortebaterias.com\/site\/wp-json\/wp\/v2\/pages\/281\/revisions\/287"}],"wp:attachment":[{"href":"https:\/\/fortebaterias.com\/site\/wp-json\/wp\/v2\/media?parent=281"}],"curies":[{"name":"wp","href":"https:\/\/api.w.org\/{rel}","templated":true}]}}